{"id":21138,"date":"2025-05-16T18:21:38","date_gmt":"2025-05-16T16:21:38","guid":{"rendered":"https:\/\/et-si.net\/Blog\/?page_id=21138"},"modified":"2025-10-03T08:13:59","modified_gmt":"2025-10-03T06:13:59","slug":"impulsion-artistique-cours-de-dessin-en-ligne","status":"publish","type":"page","link":"https:\/\/et-si.net\/Blog\/impulsion-artistique-cours-de-dessin-en-ligne\/","title":{"rendered":"Impulsion Artistique : simple comme un dessin"},"content":{"rendered":"\n<h1 class=\"wp-block-heading is-style-text-display has-text-color has-link-color has-manrope-font-family wp-elements-f53f7dfc3a6728bd7b02a5c3939b088a is-style-text-display--1\" style=\"color:#4d2483\">Ton cours de dessin en ligne<\/h1>\n\n\n\n<figure data-wp-context=\"{&quot;imageId&quot;:&quot;69de22685ca7d&quot;}\" data-wp-interactive=\"core\/image\" data-wp-key=\"69de22685ca7d\" class=\"wp-block-image size-full wp-lightbox-container\"><img loading=\"lazy\" decoding=\"async\" width=\"1920\" height=\"928\" data-wp-class--hide=\"state.isContentHidden\" data-wp-class--show=\"state.isContentVisible\" data-wp-init=\"callbacks.setButtonStyles\" data-wp-on--click=\"actions.showLightbox\" data-wp-on--load=\"callbacks.setButtonStyles\" data-wp-on-window--resize=\"callbacks.setButtonStyles\" src=\"https:\/\/et-si.net\/Blog\/wp-content\/uploads\/2025\/05\/JG-1610.webp\" alt=\"\" class=\"wp-image-21229\" srcset=\"https:\/\/et-si.net\/Blog\/wp-content\/uploads\/2025\/05\/JG-1610.webp 1920w, https:\/\/et-si.net\/Blog\/wp-content\/uploads\/2025\/05\/JG-1610-500x242.webp 500w, https:\/\/et-si.net\/Blog\/wp-content\/uploads\/2025\/05\/JG-1610-1024x495.webp 1024w, https:\/\/et-si.net\/Blog\/wp-content\/uploads\/2025\/05\/JG-1610-768x371.webp 768w, https:\/\/et-si.net\/Blog\/wp-content\/uploads\/2025\/05\/JG-1610-1536x742.webp 1536w\" sizes=\"auto, (max-width: 1920px) 100vw, 1920px\" \/><button\n\t\t\tclass=\"lightbox-trigger\"\n\t\t\ttype=\"button\"\n\t\t\taria-haspopup=\"dialog\"\n\t\t\taria-label=\"Agrandir\"\n\t\t\tdata-wp-init=\"callbacks.initTriggerButton\"\n\t\t\tdata-wp-on--click=\"actions.showLightbox\"\n\t\t\tdata-wp-style--right=\"state.imageButtonRight\"\n\t\t\tdata-wp-style--top=\"state.imageButtonTop\"\n\t\t>\n\t\t\t<svg xmlns=\"http:\/\/www.w3.org\/2000\/svg\" width=\"12\" height=\"12\" fill=\"none\" viewBox=\"0 0 12 12\">\n\t\t\t\t<path fill=\"#fff\" d=\"M2 0a2 2 0 0 0-2 2v2h1.5V2a.5.5 0 0 1 .5-.5h2V0H2Zm2 10.5H2a.5.5 0 0 1-.5-.5V8H0v2a2 2 0 0 0 2 2h2v-1.5ZM8 12v-1.5h2a.5.5 0 0 0 .5-.5V8H12v2a2 2 0 0 1-2 2H8Zm2-12a2 2 0 0 1 2 2v2h-1.5V2a.5.5 0 0 0-.5-.5H8V0h2Z\" \/>\n\t\t\t<\/svg>\n\t\t<\/button><\/figure>\n\n\n\n<div style=\"display:flex; justify-content:center; margin:1rem 0;\">\n  <iframe \n    src=\"https:\/\/www.youtube.com\/embed\/D2dzKYAGGo4?playsinline=1&#038;modestbranding=1&#038;rel=0&#038;autoplay=1&#038;mute=1&#038;loop=1&#038;playlist=D2dzKYAGGo4\"\n    title=\"YouTube video player\"\n    allow=\"accelerometer; autoplay; clipboard-write; encrypted-media; gyroscope; picture-in-picture; web-share\"\n    allowfullscreen\n    loading=\"lazy\"\n    style=\"width:100%; max-width:800px; aspect-ratio:16\/9; border:0; display:block;\">\n  <\/iframe>\n<\/div>\n\n\n\n<div class=\"wp-block-columns is-layout-flex wp-container-core-columns-is-layout-28f84493 wp-block-columns-is-layout-flex\">\n<div class=\"wp-block-column is-layout-flow wp-block-column-is-layout-flow\" style=\"flex-basis:50%\">\n<div class=\"wp-block-group has-global-padding is-layout-constrained wp-block-group-is-layout-constrained\">\n<p class=\"is-style-default has-text-color has-link-color wp-elements-1ca84896a6a826ad7a62852ab03d8d37\" style=\"color:#4d2483\">Envie de relancer votre cr\u00e9ativit\u00e9 ? D\u2019oser le premier trait ou d\u2019approfondir un projet en douceur ? <strong>Avec Impulsion Artistique, je vous propose des cours de dessin en ligne \u00e0 la s\u00e9ance<\/strong>.<\/p>\n\n\n\n<figure data-wp-context=\"{&quot;imageId&quot;:&quot;69de22685cfe9&quot;}\" data-wp-interactive=\"core\/image\" data-wp-key=\"69de22685cfe9\" class=\"wp-block-image size-full wp-lightbox-container\"><img loading=\"lazy\" decoding=\"async\" width=\"2560\" height=\"1920\" data-wp-class--hide=\"state.isContentHidden\" data-wp-class--show=\"state.isContentVisible\" data-wp-init=\"callbacks.setButtonStyles\" data-wp-on--click=\"actions.showLightbox\" data-wp-on--load=\"callbacks.setButtonStyles\" data-wp-on-window--resize=\"callbacks.setButtonStyles\" src=\"https:\/\/et-si.net\/Blog\/wp-content\/uploads\/2025\/05\/2025-05-10-12.31.47-2_blog-scaled.webp\" alt=\"\" class=\"wp-image-21066\" srcset=\"https:\/\/et-si.net\/Blog\/wp-content\/uploads\/2025\/05\/2025-05-10-12.31.47-2_blog-scaled.webp 2560w, https:\/\/et-si.net\/Blog\/wp-content\/uploads\/2025\/05\/2025-05-10-12.31.47-2_blog-500x375.webp 500w, https:\/\/et-si.net\/Blog\/wp-content\/uploads\/2025\/05\/2025-05-10-12.31.47-2_blog-1024x768.webp 1024w, https:\/\/et-si.net\/Blog\/wp-content\/uploads\/2025\/05\/2025-05-10-12.31.47-2_blog-768x576.webp 768w, https:\/\/et-si.net\/Blog\/wp-content\/uploads\/2025\/05\/2025-05-10-12.31.47-2_blog-1536x1152.webp 1536w, https:\/\/et-si.net\/Blog\/wp-content\/uploads\/2025\/05\/2025-05-10-12.31.47-2_blog-2048x1536.webp 2048w\" sizes=\"auto, (max-width: 2560px) 100vw, 2560px\" \/><button\n\t\t\tclass=\"lightbox-trigger\"\n\t\t\ttype=\"button\"\n\t\t\taria-haspopup=\"dialog\"\n\t\t\taria-label=\"Agrandir\"\n\t\t\tdata-wp-init=\"callbacks.initTriggerButton\"\n\t\t\tdata-wp-on--click=\"actions.showLightbox\"\n\t\t\tdata-wp-style--right=\"state.imageButtonRight\"\n\t\t\tdata-wp-style--top=\"state.imageButtonTop\"\n\t\t>\n\t\t\t<svg xmlns=\"http:\/\/www.w3.org\/2000\/svg\" width=\"12\" height=\"12\" fill=\"none\" viewBox=\"0 0 12 12\">\n\t\t\t\t<path fill=\"#fff\" d=\"M2 0a2 2 0 0 0-2 2v2h1.5V2a.5.5 0 0 1 .5-.5h2V0H2Zm2 10.5H2a.5.5 0 0 1-.5-.5V8H0v2a2 2 0 0 0 2 2h2v-1.5ZM8 12v-1.5h2a.5.5 0 0 0 .5-.5V8H12v2a2 2 0 0 1-2 2H8Zm2-12a2 2 0 0 1 2 2v2h-1.5V2a.5.5 0 0 0-.5-.5H8V0h2Z\" \/>\n\t\t\t<\/svg>\n\t\t<\/button><\/figure>\n<\/div>\n<\/div>\n\n\n\n<div class=\"wp-block-column is-layout-flow wp-block-column-is-layout-flow\" style=\"flex-basis:50%\">\n<div class=\"wp-block-group is-style-default has-text-color has-background has-link-color wp-elements-fde3274d63d84d323790fb18416a8db3 is-vertical is-content-justification-center is-layout-flex wp-container-core-group-is-layout-bc1c67bb wp-block-group-is-layout-flex\" style=\"color:#3a1474;background-color:#ffd5a3;padding-top:var(--wp--preset--spacing--20);padding-right:var(--wp--preset--spacing--20);padding-bottom:var(--wp--preset--spacing--20);padding-left:var(--wp--preset--spacing--20)\">\n<h2 class=\"wp-block-heading\">Pour qui ?<\/h2>\n\n\n\n<ul class=\"wp-block-list\">\n<li>D\u00e9butant\u00b7e curieux\u00b7se qui veut se lancer sans pression<\/li>\n\n\n\n<li>Artiste irr\u00e9gulier\u00b7\u00e8re qui veut retrouver un rythme<\/li>\n\n\n\n<li>Adolescent\u00b7e qui pr\u00e9pare un book ou une \u00e9cole<\/li>\n\n\n\n<li>Parent et enfant qui veulent cr\u00e9er ensemble<\/li>\n\n\n\n<li>Groupe d\u2019amis qui cherche une activit\u00e9 \u00e0 domicile<\/li>\n<\/ul>\n<\/div>\n<\/div>\n<\/div>\n\n\n\n<div style=\"display:flex; justify-content:center;\">\n<iframe \n  src=\"https:\/\/www.youtube.com\/embed\/CFuDTzEjLpw?playsinline=1&#038;modestbranding=1&#038;rel=0\"\n  title=\"YouTube video player\"\n  allow=\"accelerometer; autoplay; clipboard-write; encrypted-media; gyroscope; picture-in-picture; web-share\"\n  allowfullscreen\n  loading=\"lazy\"\nstyle=\"width:100%; max-width:800px; aspect-ratio:16\/9; border:0;\">\n<\/iframe>\n<\/div>\n\n\n\n<h2 class=\"wp-block-heading has-text-color has-link-color wp-elements-d9f8d20fe949b6922c662ec1ba726ce5\" style=\"color:#9c3697\">Une approche libre et motivante<\/h2>\n\n\n\n<p class=\"has-text-color has-link-color wp-elements-8739d8decd87a738c63d9ead8d159aa3\" style=\"color:#9c3697\">Pas de programme rigide, pas de jugement, pas de cotisation. Chaque s\u00e9ance est une rencontre unique entre votre envie du moment et mon accompagnement. Observation, croquis, BD, mascottes, perspective intuitive, dessin d\u2019imagination ou exp\u00e9rimentation\u2026 On construit ensemble ce qui vous stimule le plus.<\/p>\n\n\n\n<div class=\"wp-block-group is-vertical is-layout-flex wp-container-core-group-is-layout-fe9cc265 wp-block-group-is-layout-flex\">\n<div class=\"wp-block-group is-style-default has-accent-1-background-color has-text-color has-background has-link-color wp-elements-2d19e03ff3491dc1d5007b6fe41cac78 is-vertical is-content-justification-center is-layout-flex wp-container-core-group-is-layout-bc1c67bb wp-block-group-is-layout-flex\" style=\"color:#644616;padding-top:var(--wp--preset--spacing--20);padding-right:var(--wp--preset--spacing--20);padding-bottom:var(--wp--preset--spacing--20);padding-left:var(--wp--preset--spacing--20)\">\n<h1 class=\"wp-block-heading\">Tarifs et conditions<\/h1>\n\n\n\n<p><strong>Les prix sont fixes<\/strong> &#8211;<strong> peu importe le nombre de participants<\/strong> &#8211; et incluent le temps de pr\u00e9paration et l&rsquo;accompagnement personnalis\u00e9 pendant la s\u00e9ance.<\/p>\n\n\n\n<ul class=\"wp-block-list\">\n<li><strong>Format \u201cVision\u00a0\u00bb en ligne<\/strong> (Discord) \u2013 1h : <strong>40\u20ac<\/strong> <br><em>Pour 1 \u00e0 3 personnes<\/em> (Parfait pour ceux qui veulent dessiner en confiance, progresser depuis chez eux, ou d\u00e9couvrir un outil num\u00e9rique avec accompagnement personnalis\u00e9)<\/li>\n\n\n\n<li class=\"has-accent-3-color has-text-color has-link-color wp-elements-ccfbea48acfdcc7b483678a2359564b6\"><strong>R\u00e9duction Tiktok<\/strong> : <strong>-10% si vous \u00eates <a href=\"https:\/\/www.tiktok.com\/@alexillustrateur\" data-type=\"link\" data-id=\"https:\/\/www.tiktok.com\/@alexillustrateur\">abonn\u00e9 \u00e0 ma cha\u00eene TikTok<\/a> <\/strong>-&gt;<a href=\"https:\/\/et-si.net\/Blog\/contct\/\" data-type=\"link\" data-id=\"https:\/\/et-si.net\/Blog\/contct\/\">contact direct pour demande<\/a><\/li>\n<\/ul>\n\n\n\n<p>Pour les groupes plus larges, les demandes sp\u00e9cifiques (projet d\u2019\u00e9cole, atelier \u00e9v\u00e9nementiel, formation en entreprise, etc.), <a href=\"https:\/\/et-si.net\/Blog\/contct\/\" data-type=\"page\" data-id=\"239\"><strong>n\u2019h\u00e9sitez pas \u00e0 me contacter<\/strong><\/a> pour en discuter.<\/p>\n\n\n\n<figure data-wp-context=\"{&quot;imageId&quot;:&quot;69de22685d822&quot;}\" data-wp-interactive=\"core\/image\" data-wp-key=\"69de22685d822\" class=\"wp-block-image size-full wp-lightbox-container\"><img loading=\"lazy\" decoding=\"async\" width=\"1920\" height=\"928\" data-wp-class--hide=\"state.isContentHidden\" data-wp-class--show=\"state.isContentVisible\" data-wp-init=\"callbacks.setButtonStyles\" data-wp-on--click=\"actions.showLightbox\" data-wp-on--load=\"callbacks.setButtonStyles\" data-wp-on-window--resize=\"callbacks.setButtonStyles\" src=\"https:\/\/et-si.net\/Blog\/wp-content\/uploads\/2025\/05\/Cartoon-1610.webp\" alt=\"\" class=\"wp-image-21247\" srcset=\"https:\/\/et-si.net\/Blog\/wp-content\/uploads\/2025\/05\/Cartoon-1610.webp 1920w, https:\/\/et-si.net\/Blog\/wp-content\/uploads\/2025\/05\/Cartoon-1610-500x242.webp 500w, https:\/\/et-si.net\/Blog\/wp-content\/uploads\/2025\/05\/Cartoon-1610-1024x495.webp 1024w, https:\/\/et-si.net\/Blog\/wp-content\/uploads\/2025\/05\/Cartoon-1610-768x371.webp 768w, https:\/\/et-si.net\/Blog\/wp-content\/uploads\/2025\/05\/Cartoon-1610-1536x742.webp 1536w\" sizes=\"auto, (max-width: 1920px) 100vw, 1920px\" \/><button\n\t\t\tclass=\"lightbox-trigger\"\n\t\t\ttype=\"button\"\n\t\t\taria-haspopup=\"dialog\"\n\t\t\taria-label=\"Agrandir\"\n\t\t\tdata-wp-init=\"callbacks.initTriggerButton\"\n\t\t\tdata-wp-on--click=\"actions.showLightbox\"\n\t\t\tdata-wp-style--right=\"state.imageButtonRight\"\n\t\t\tdata-wp-style--top=\"state.imageButtonTop\"\n\t\t>\n\t\t\t<svg xmlns=\"http:\/\/www.w3.org\/2000\/svg\" width=\"12\" height=\"12\" fill=\"none\" viewBox=\"0 0 12 12\">\n\t\t\t\t<path fill=\"#fff\" d=\"M2 0a2 2 0 0 0-2 2v2h1.5V2a.5.5 0 0 1 .5-.5h2V0H2Zm2 10.5H2a.5.5 0 0 1-.5-.5V8H0v2a2 2 0 0 0 2 2h2v-1.5ZM8 12v-1.5h2a.5.5 0 0 0 .5-.5V8H12v2a2 2 0 0 1-2 2H8Zm2-12a2 2 0 0 1 2 2v2h-1.5V2a.5.5 0 0 0-.5-.5H8V0h2Z\" \/>\n\t\t\t<\/svg>\n\t\t<\/button><\/figure>\n<\/div>\n<\/div>\n\n\n\n<figure class=\"wp-block-embed is-type-video is-provider-youtube wp-block-embed-youtube wp-embed-aspect-16-9 wp-has-aspect-ratio\"><div class=\"wp-block-embed__wrapper\">\n<iframe loading=\"lazy\" title=\"Dessiner une chouette et un hibou facilement \" width=\"500\" height=\"281\" src=\"https:\/\/www.youtube.com\/embed\/C7JRMaCvDhE?feature=oembed\" frameborder=\"0\" allow=\"accelerometer; autoplay; clipboard-write; encrypted-media; gyroscope; picture-in-picture; web-share\" referrerpolicy=\"strict-origin-when-cross-origin\" allowfullscreen><\/iframe>\n<\/div><\/figure>\n\n\n\n<div class=\"wp-block-group is-style-section-2 is-vertical is-content-justification-center is-layout-flex wp-container-core-group-is-layout-bc1c67bb wp-block-group-is-layout-flex is-style-section-2--2\" style=\"padding-top:var(--wp--preset--spacing--20);padding-right:var(--wp--preset--spacing--20);padding-bottom:var(--wp--preset--spacing--20);padding-left:var(--wp--preset--spacing--20)\">\n<h1 class=\"wp-block-heading has-fira-code-font-family\"><strong>R\u00e9servations<\/strong><\/h1>\n\n\n\n<p>R\u00e9servez en ligne en quelques clics via carte bancaire,<br>ou <strong><a href=\"https:\/\/et-si.net\/Blog\/contact\/\" data-type=\"link\" data-id=\"https:\/\/et-si.net\/Blog\/contact\/\">contactez-moi par formulaire<\/a> <\/strong>si vous pr\u00e9f\u00e9rez un autre mode de paiement (virement, esp\u00e8ces, etc.).<\/p>\n\n\n\n<h2 class=\"wp-block-heading\">Disponibilit\u00e9s<\/h2>\n\n\n\n<div style=\"position: relative; width: 100%; height: 0; padding-bottom: 75%;\">\n  <iframe src=\"https:\/\/calendar.google.com\/calendar\/embed?src=11d823d351b7c616325d82c5c47fb3be4d9d5899b1c6aec2367f9b70fe0db62c%40group.calendar.google.com&amp;ctz=Europe%2FParis\" \n    style=\"position: absolute; top: 0; left: 0; width: 100%; height: 100%; border: 0;\" \n    frameborder=\"0\" \n    scrolling=\"no\">\n  <\/iframe>\n<\/div>\n\n\n\n<div class=\"tidycal-embed\" data-path=\"impulsion-artistique\"><\/div><script src=\"https:\/\/asset-tidycal.b-cdn.net\/js\/embed.js\" async><\/script>\n<\/div>\n\n\n\n<div style=\"display:flex; justify-content:center;\">\n<iframe \n  src=\"https:\/\/www.youtube.com\/embed\/RLONMx5dh28?playsinline=1&#038;modestbranding=1&#038;rel=0\"\n  title=\"YouTube video player\"\n  allow=\"accelerometer; autoplay; clipboard-write; encrypted-media; gyroscope; picture-in-picture; web-share\"\n  allowfullscreen\n  loading=\"lazy\"\nstyle=\"width:100%; max-width:800px; aspect-ratio:16\/9; border:0;\">\n<\/iframe>\n<\/div>\n\n\n\n<div class=\"wp-block-cover\"><span aria-hidden=\"true\" class=\"wp-block-cover__background has-background-dim\"><\/span><div class=\"wp-block-cover__inner-container is-layout-flow wp-block-cover-is-layout-flow\">\n<div class=\"wp-block-group has-global-padding is-layout-constrained wp-block-group-is-layout-constrained\">\n<p class=\"has-text-align-center\"><strong>Si vous avez des questions sp\u00e9cifiques, <a href=\"https:\/\/et-si.net\/Blog\/contct\/\" data-type=\"page\" data-id=\"239\">n&rsquo;h\u00e9sitez pas \u00e0 me contacter<\/a>, je suis toujours disponible pour discuter de ce que vous avez envie de dessiner, exp\u00e9rimenter ou (re)d\u00e9couvrir.<\/strong><\/p>\n\n\n\n<figure data-wp-context=\"{&quot;imageId&quot;:&quot;69de22685e27d&quot;}\" data-wp-interactive=\"core\/image\" data-wp-key=\"69de22685e27d\" class=\"wp-block-image size-full wp-lightbox-container\"><img loading=\"lazy\" decoding=\"async\" width=\"800\" height=\"800\" data-wp-class--hide=\"state.isContentHidden\" data-wp-class--show=\"state.isContentVisible\" data-wp-init=\"callbacks.setButtonStyles\" data-wp-on--click=\"actions.showLightbox\" data-wp-on--load=\"callbacks.setButtonStyles\" data-wp-on-window--resize=\"callbacks.setButtonStyles\" src=\"https:\/\/et-si.net\/Blog\/wp-content\/uploads\/2019\/11\/C2-11.jpg\" alt=\"\" class=\"wp-image-16794\" srcset=\"https:\/\/et-si.net\/Blog\/wp-content\/uploads\/2019\/11\/C2-11.jpg 800w, https:\/\/et-si.net\/Blog\/wp-content\/uploads\/2019\/11\/C2-11-500x500.jpg 500w, https:\/\/et-si.net\/Blog\/wp-content\/uploads\/2019\/11\/C2-11-150x150.jpg 150w, https:\/\/et-si.net\/Blog\/wp-content\/uploads\/2019\/11\/C2-11-768x768.jpg 768w, https:\/\/et-si.net\/Blog\/wp-content\/uploads\/2019\/11\/C2-11-533x533.jpg 533w, https:\/\/et-si.net\/Blog\/wp-content\/uploads\/2019\/11\/C2-11-640x640.jpg 640w, https:\/\/et-si.net\/Blog\/wp-content\/uploads\/2019\/11\/C2-11-600x600.jpg 600w, https:\/\/et-si.net\/Blog\/wp-content\/uploads\/2019\/11\/C2-11-100x100.jpg 100w, https:\/\/et-si.net\/Blog\/wp-content\/uploads\/2019\/11\/C2-11-50x50.jpg 50w\" sizes=\"auto, (max-width: 800px) 100vw, 800px\" \/><button\n\t\t\tclass=\"lightbox-trigger\"\n\t\t\ttype=\"button\"\n\t\t\taria-haspopup=\"dialog\"\n\t\t\taria-label=\"Agrandir\"\n\t\t\tdata-wp-init=\"callbacks.initTriggerButton\"\n\t\t\tdata-wp-on--click=\"actions.showLightbox\"\n\t\t\tdata-wp-style--right=\"state.imageButtonRight\"\n\t\t\tdata-wp-style--top=\"state.imageButtonTop\"\n\t\t>\n\t\t\t<svg xmlns=\"http:\/\/www.w3.org\/2000\/svg\" width=\"12\" height=\"12\" fill=\"none\" viewBox=\"0 0 12 12\">\n\t\t\t\t<path fill=\"#fff\" d=\"M2 0a2 2 0 0 0-2 2v2h1.5V2a.5.5 0 0 1 .5-.5h2V0H2Zm2 10.5H2a.5.5 0 0 1-.5-.5V8H0v2a2 2 0 0 0 2 2h2v-1.5ZM8 12v-1.5h2a.5.5 0 0 0 .5-.5V8H12v2a2 2 0 0 1-2 2H8Zm2-12a2 2 0 0 1 2 2v2h-1.5V2a.5.5 0 0 0-.5-.5H8V0h2Z\" \/>\n\t\t\t<\/svg>\n\t\t<\/button><\/figure>\n<\/div>\n<\/div><\/div>\n\n\n\n<p><\/p>\n","protected":false},"excerpt":{"rendered":"<p>Impulsion Artistique : cours de dessin en ligne et \u00e0 domicile \u00e0 Besan\u00e7on<\/p>\n","protected":false},"author":2,"featured_media":0,"parent":0,"menu_order":0,"comment_status":"open","ping_status":"closed","template":"","meta":{"footnotes":""},"class_list":["post-21138","page","type-page","status-publish","hentry"],"_links":{"self":[{"href":"https:\/\/et-si.net\/Blog\/wp-json\/wp\/v2\/pages\/21138","targetHints":{"allow":["GET"]}}],"collection":[{"href":"https:\/\/et-si.net\/Blog\/wp-json\/wp\/v2\/pages"}],"about":[{"href":"https:\/\/et-si.net\/Blog\/wp-json\/wp\/v2\/types\/page"}],"author":[{"embeddable":true,"href":"https:\/\/et-si.net\/Blog\/wp-json\/wp\/v2\/users\/2"}],"replies":[{"embeddable":true,"href":"https:\/\/et-si.net\/Blog\/wp-json\/wp\/v2\/comments?post=21138"}],"version-history":[{"count":0,"href":"https:\/\/et-si.net\/Blog\/wp-json\/wp\/v2\/pages\/21138\/revisions"}],"wp:attachment":[{"href":"https:\/\/et-si.net\/Blog\/wp-json\/wp\/v2\/media?parent=21138"}],"curies":[{"name":"wp","href":"https:\/\/api.w.org\/{rel}","templated":true}]}}