{"id":21257,"date":"2025-05-21T19:07:03","date_gmt":"2025-05-21T17:07:03","guid":{"rendered":"https:\/\/et-si.net\/Blog\/?page_id=21257"},"modified":"2026-04-02T21:31:07","modified_gmt":"2026-04-02T19:31:07","slug":"accueil","status":"publish","type":"page","link":"https:\/\/et-si.net\/Blog\/","title":{"rendered":"Accueil"},"content":{"rendered":"\n<div class=\"wp-block-cover alignfull is-light has-parallax\" style=\"margin-top:0;margin-bottom:0;padding-top:var(--wp--preset--spacing--50);padding-right:var(--wp--preset--spacing--50);padding-bottom:var(--wp--preset--spacing--50);padding-left:var(--wp--preset--spacing--50);min-height:1499px;aspect-ratio:unset;\"><div class=\"wp-block-cover__image-background wp-image-21401 size-full has-parallax\" style=\"background-position:50% 50%;background-image:url(https:\/\/et-si.net\/Blog\/wp-content\/uploads\/2025\/06\/Chokawa_1080x2340.jpg)\"><\/div><span aria-hidden=\"true\" class=\"wp-block-cover__background has-background-dim-30 has-background-dim\" style=\"background-color:#0b4982\"><\/span><div class=\"wp-block-cover__inner-container has-global-padding is-layout-constrained wp-container-core-cover-is-layout-3aaaaffa wp-block-cover-is-layout-constrained\">\n<div class=\"wp-block-group alignwide is-style-default has-background is-vertical is-content-justification-center is-layout-flex wp-container-core-group-is-layout-38502bb0 wp-block-group-is-layout-flex\" style=\"background-color:#76cfadd6;padding-top:var(--wp--preset--spacing--20);padding-right:var(--wp--preset--spacing--20);padding-bottom:var(--wp--preset--spacing--20);padding-left:var(--wp--preset--spacing--20)\">\n<h1 class=\"wp-block-heading alignwide has-text-align-center is-style-text-display has-text-color has-link-color has-fira-code-font-family has-xx-large-font-size wp-elements-12cc9594fac6774a08a9e70780942c41 is-style-text-display--1\" style=\"border-style:none;border-width:0px;border-radius:38px;color:#ffea31;font-style:normal;font-weight:700\"><strong>Bienvenue dans mon atelier en ligne<\/strong><\/h1>\n\n\n\n<p class=\"has-text-align-left\"><strong>Ici, le dessin n\u2019est pas un produit. C\u2019est un langage.<\/strong><\/p>\n\n\n\n<p><strong>Sur ce blog, je propose :<\/strong><\/p>\n\n\n\n<ul style=\"background-color:#ffbf59\" class=\"wp-block-list is-style-checkmark-list has-background\">\n<li>mon actualit\u00e9,<\/li>\n\n\n\n<li>des cours de dessin 100% humains,<\/li>\n\n\n\n<li>mes \u0153uvres originales \u00e0 petit prix,<\/li>\n\n\n\n<li>mes vid\u00e9os en direct tous les jours,<\/li>\n<\/ul>\n\n\n\n<p class=\"has-text-align-left\">Un couteau suisse d\u2019initiatives graphiques pour dessiner autrement.<br><strong>\u00c0 la crois\u00e9e du geste, de l\u2019id\u00e9e, et du lien.<\/strong><\/p>\n\n\n\n<hr class=\"wp-block-separator has-text-color has-alpha-channel-opacity has-background is-style-dots\" style=\"margin-top:0;margin-bottom:0;background-color:#faf9f2bd;color:#faf9f2bd\"\/>\n\n\n\n<hr class=\"wp-block-separator has-alpha-channel-opacity\"\/>\n\n\n\n<div class=\"wp-block-buttons alignwide is-content-justification-center is-layout-flex wp-container-core-buttons-is-layout-b5994976 wp-block-buttons-is-layout-flex\">\n<div class=\"wp-block-button is-style-fill\"><a class=\"wp-block-button__link has-accent-1-color has-text-color has-background has-link-color wp-element-button\" href=\"https:\/\/et-si.net\/Blog\/articles\/\" style=\"border-radius:0px;background-color:#ff5986\"><strong>Blog<\/strong><\/a><\/div>\n\n\n\n<div class=\"wp-block-button is-style-outline is-style-outline--2\"><a class=\"wp-block-button__link has-accent-1-background-color has-text-color has-background has-link-color wp-element-button\" href=\"https:\/\/et-si.net\/Blog\/impulsion-artistique-cours-de-dessin-en-ligne\/\" style=\"border-style:none;border-width:0px;border-radius:0px;color:#ff5959\" target=\"_blank\" rel=\"noreferrer noopener\"><strong>Cours de dessin<\/strong><\/a><\/div>\n\n\n\n<div class=\"wp-block-button\"><a class=\"wp-block-button__link wp-element-button\" href=\"https:\/\/et-si.net\/Blog\/mes-lives-tiktok\/\" style=\"border-style:none;border-width:0px;border-radius:0px\"><strong>Lives TikTok<\/strong><\/a><\/div>\n\n\n\n<div class=\"wp-block-button\"><a class=\"wp-block-button__link has-accent-3-background-color has-background wp-element-button\" href=\"https:\/\/www.patreon.com\/cw\/alexcomics\" style=\"border-style:none;border-width:0px;border-radius:0px\"><strong>Patreon<\/strong><\/a><\/div>\n\n\n\n<div class=\"wp-block-button\"><a class=\"wp-block-button__link has-text-color has-background has-link-color wp-element-button\" href=\"https:\/\/et-si.net\/Blog\/boutique\/\" style=\"border-style:none;border-width:0px;border-radius:0px;color:#7eff3d;background-color:#793ba8\"><strong>Boutique<\/strong><\/a><\/div>\n<\/div>\n<\/div>\n\n\n\n<div class=\"wp-block-group is-style-default has-background has-global-padding is-layout-constrained wp-container-core-group-is-layout-5c4618ab wp-block-group-is-layout-constrained\" style=\"background-color:#e9f1b3;margin-top:var(--wp--preset--spacing--30);margin-bottom:var(--wp--preset--spacing--30);padding-top:var(--wp--preset--spacing--20);padding-right:0;padding-bottom:var(--wp--preset--spacing--20);padding-left:0\">\n<h2 class=\"wp-block-heading has-text-align-center is-style-text-annotation has-text-color has-link-color has-large-font-size wp-elements-0c510c8594f93366a0e2e056e1af1bc9 is-style-text-annotation--3\" style=\"color:#c22222\"><strong>PUBLICATIONS R\u00c9CENTES<\/strong><\/h2>\n<\/div>\n\n\n<ul style=\"color:#c22222;background-color:#e9f1b3; padding-right:var(--wp--preset--spacing--20);padding-left:var(--wp--preset--spacing--20);padding-top:var(--wp--preset--spacing--20);padding-bottom:var(--wp--preset--spacing--20);margin-top:0;margin-bottom:0;margin-left:var(--wp--preset--spacing--20);margin-right:var(--wp--preset--spacing--20);\" class=\"wp-block-latest-posts__list is-grid columns-2 has-dates has-link-color wp-elements-ad96acf68dabade57f4b4db63ad5c2dc wp-block-latest-posts has-text-color has-background\"><li><div class=\"wp-block-latest-posts__featured-image aligncenter\"><img loading=\"lazy\" decoding=\"async\" width=\"150\" height=\"150\" src=\"https:\/\/et-si.net\/Blog\/wp-content\/uploads\/2026\/04\/1000006020-scaled-e1775984049766-150x150.webp\" class=\"attachment-thumbnail size-thumbnail wp-post-image\" alt=\"\" style=\"\" srcset=\"https:\/\/et-si.net\/Blog\/wp-content\/uploads\/2026\/04\/1000006020-scaled-e1775984049766-150x150.webp 150w, https:\/\/et-si.net\/Blog\/wp-content\/uploads\/2026\/04\/1000006020-scaled-e1775984049766-100x100.webp 100w\" sizes=\"auto, (max-width: 150px) 100vw, 150px\" \/><\/div><a class=\"wp-block-latest-posts__post-title\" href=\"https:\/\/et-si.net\/Blog\/quelques-pages-de-carnet-digital\/\">Quelques pages de carnet digital<\/a><time datetime=\"2026-04-12T10:58:12+02:00\" class=\"wp-block-latest-posts__post-date\">12\/04\/2026<\/time><\/li>\n<li><div class=\"wp-block-latest-posts__featured-image aligncenter\"><img loading=\"lazy\" decoding=\"async\" width=\"150\" height=\"150\" src=\"https:\/\/et-si.net\/Blog\/wp-content\/uploads\/2026\/04\/2026-03-04-18.30.00.redimensionne-edited-3-150x150.jpg\" class=\"attachment-thumbnail size-thumbnail wp-post-image\" alt=\"\" style=\"\" srcset=\"https:\/\/et-si.net\/Blog\/wp-content\/uploads\/2026\/04\/2026-03-04-18.30.00.redimensionne-edited-3-150x150.jpg 150w, https:\/\/et-si.net\/Blog\/wp-content\/uploads\/2026\/04\/2026-03-04-18.30.00.redimensionne-edited-3-100x100.jpg 100w\" sizes=\"auto, (max-width: 150px) 100vw, 150px\" \/><\/div><a class=\"wp-block-latest-posts__post-title\" href=\"https:\/\/et-si.net\/Blog\/pause-de-reseaux\/\">Pause de r\u00e9seaux<\/a><time datetime=\"2026-04-02T10:49:20+02:00\" class=\"wp-block-latest-posts__post-date\">02\/04\/2026<\/time><\/li>\n<li><div class=\"wp-block-latest-posts__featured-image aligncenter\"><img loading=\"lazy\" decoding=\"async\" width=\"150\" height=\"150\" src=\"https:\/\/et-si.net\/Blog\/wp-content\/uploads\/2025\/10\/reseaux-sociaux-4-20251028043841-150x150.webp\" class=\"attachment-thumbnail size-thumbnail wp-post-image\" alt=\"\" style=\"\" srcset=\"https:\/\/et-si.net\/Blog\/wp-content\/uploads\/2025\/10\/reseaux-sociaux-4-20251028043841-150x150.webp 150w, https:\/\/et-si.net\/Blog\/wp-content\/uploads\/2025\/10\/reseaux-sociaux-4-20251028043841-100x100.webp 100w\" sizes=\"auto, (max-width: 150px) 100vw, 150px\" \/><\/div><a class=\"wp-block-latest-posts__post-title\" href=\"https:\/\/et-si.net\/Blog\/les-reseaux-et-la-visibilite-des-artistes\/\">Les r\u00e9seaux et la visibilit\u00e9 des artistes<\/a><time datetime=\"2025-10-28T16:56:08+01:00\" class=\"wp-block-latest-posts__post-date\">28\/10\/2025<\/time><\/li>\n<li><div class=\"wp-block-latest-posts__featured-image aligncenter\"><img loading=\"lazy\" decoding=\"async\" width=\"150\" height=\"150\" src=\"https:\/\/et-si.net\/Blog\/wp-content\/uploads\/2025\/10\/meduse-150x150.png\" class=\"attachment-thumbnail size-thumbnail wp-post-image\" alt=\"\" style=\"\" srcset=\"https:\/\/et-si.net\/Blog\/wp-content\/uploads\/2025\/10\/meduse-150x150.png 150w, https:\/\/et-si.net\/Blog\/wp-content\/uploads\/2025\/10\/meduse-100x100.png 100w\" sizes=\"auto, (max-width: 150px) 100vw, 150px\" \/><\/div><a class=\"wp-block-latest-posts__post-title\" href=\"https:\/\/et-si.net\/Blog\/meduse-un-myth-a-redecouvrir\/\">M\u00e9duse &#8211; un myth \u00e0 red\u00e9couvrir<\/a><time datetime=\"2025-10-22T12:31:28+02:00\" class=\"wp-block-latest-posts__post-date\">22\/10\/2025<\/time><\/li>\n<\/ul><\/div><\/div>\n","protected":false},"excerpt":{"rendered":"<p>Atelier connect\u00e9 \u00e0 Besan\u00e7on : cours de dessin \u00e0 domicile, podcast cr\u00e9atif, \u00e9v\u00e9nements artistiques. Cr\u00e9ation originale, proximit\u00e9, soin du d\u00e9tail.<\/p>\n","protected":false},"author":2,"featured_media":0,"parent":0,"menu_order":0,"comment_status":"closed","ping_status":"closed","template":"page-no-title","meta":{"footnotes":""},"class_list":["post-21257","page","type-page","status-publish","hentry"],"_links":{"self":[{"href":"https:\/\/et-si.net\/Blog\/wp-json\/wp\/v2\/pages\/21257","targetHints":{"allow":["GET"]}}],"collection":[{"href":"https:\/\/et-si.net\/Blog\/wp-json\/wp\/v2\/pages"}],"about":[{"href":"https:\/\/et-si.net\/Blog\/wp-json\/wp\/v2\/types\/page"}],"author":[{"embeddable":true,"href":"https:\/\/et-si.net\/Blog\/wp-json\/wp\/v2\/users\/2"}],"replies":[{"embeddable":true,"href":"https:\/\/et-si.net\/Blog\/wp-json\/wp\/v2\/comments?post=21257"}],"version-history":[{"count":5,"href":"https:\/\/et-si.net\/Blog\/wp-json\/wp\/v2\/pages\/21257\/revisions"}],"predecessor-version":[{"id":22376,"href":"https:\/\/et-si.net\/Blog\/wp-json\/wp\/v2\/pages\/21257\/revisions\/22376"}],"wp:attachment":[{"href":"https:\/\/et-si.net\/Blog\/wp-json\/wp\/v2\/media?parent=21257"}],"curies":[{"name":"wp","href":"https:\/\/api.w.org\/{rel}","templated":true}]}}