{"id":21451,"date":"2025-06-07T13:30:51","date_gmt":"2025-06-07T11:30:51","guid":{"rendered":"https:\/\/et-si.net\/Blog\/?page_id=21451"},"modified":"2025-07-04T12:26:54","modified_gmt":"2025-07-04T10:26:54","slug":"a-propos-alex-guillaume","status":"publish","type":"page","link":"https:\/\/et-si.net\/Blog\/a-propos-alex-guillaume\/","title":{"rendered":"Qui suis-je ?"},"content":{"rendered":"\n<h2 class=\"wp-block-heading\">Qui je suis<\/h2>\n\n\n\n<p>Je m&rsquo;appelle Alex.<br>Je suis illustrateur professionnel autodidacte depuis 2001.<\/p>\n\n\n\n<div class=\"wp-block-group has-global-padding is-layout-constrained wp-block-group-is-layout-constrained\">\n<div class=\"wp-block-group has-global-padding is-layout-constrained wp-block-group-is-layout-constrained\">\n<div class=\"wp-block-cover alignfull is-light\"><span aria-hidden=\"true\" class=\"wp-block-cover__background has-background-dim\" style=\"background-color:#fff6a7\"><\/span><div class=\"wp-block-cover__inner-container is-layout-flow wp-block-cover-is-layout-flow\">\n<div class=\"wp-block-group is-layout-grid wp-container-core-group-is-layout-478b6e6b wp-block-group-is-layout-grid\">\n<p>Je me d\u00e9finis d&rsquo;abord comme un cr\u00e9ateur d\u2019\u00e9motions par le dessin, ensuite comme un entrepreneur.<br>Ce qui me pousse, c\u2019est l\u2019envie de raconter, de faire ressentir. Je ne cherche pas \u00e0 repr\u00e9senter, je cherche \u00e0 transmettre \u2014 une sensation, un univers, une petite secousse int\u00e9rieure.<\/p>\n\n\n\n<figure data-wp-context=\"{&quot;imageId&quot;:&quot;69de20d4d81a5&quot;}\" data-wp-interactive=\"core\/image\" data-wp-key=\"69de20d4d81a5\" class=\"wp-block-image size-full wp-lightbox-container\"><img loading=\"lazy\" decoding=\"async\" width=\"1000\" height=\"1416\" data-wp-class--hide=\"state.isContentHidden\" data-wp-class--show=\"state.isContentVisible\" data-wp-init=\"callbacks.setButtonStyles\" data-wp-on--click=\"actions.showLightbox\" data-wp-on--load=\"callbacks.setButtonStyles\" data-wp-on-window--resize=\"callbacks.setButtonStyles\" src=\"https:\/\/et-si.net\/Blog\/wp-content\/uploads\/2025\/06\/2025-06-06-17.10.08.webp\" alt=\"Photo de b\u00e9b\u00e9 des ann\u00e9es 1980 mignon et souriant\" class=\"wp-image-21453\" srcset=\"https:\/\/et-si.net\/Blog\/wp-content\/uploads\/2025\/06\/2025-06-06-17.10.08.webp 1000w, https:\/\/et-si.net\/Blog\/wp-content\/uploads\/2025\/06\/2025-06-06-17.10.08-424x600.webp 424w, https:\/\/et-si.net\/Blog\/wp-content\/uploads\/2025\/06\/2025-06-06-17.10.08-723x1024.webp 723w, https:\/\/et-si.net\/Blog\/wp-content\/uploads\/2025\/06\/2025-06-06-17.10.08-768x1087.webp 768w\" sizes=\"auto, (max-width: 1000px) 100vw, 1000px\" \/><button\n\t\t\tclass=\"lightbox-trigger\"\n\t\t\ttype=\"button\"\n\t\t\taria-haspopup=\"dialog\"\n\t\t\taria-label=\"Agrandir\"\n\t\t\tdata-wp-init=\"callbacks.initTriggerButton\"\n\t\t\tdata-wp-on--click=\"actions.showLightbox\"\n\t\t\tdata-wp-style--right=\"state.imageButtonRight\"\n\t\t\tdata-wp-style--top=\"state.imageButtonTop\"\n\t\t>\n\t\t\t<svg xmlns=\"http:\/\/www.w3.org\/2000\/svg\" width=\"12\" height=\"12\" fill=\"none\" viewBox=\"0 0 12 12\">\n\t\t\t\t<path fill=\"#fff\" d=\"M2 0a2 2 0 0 0-2 2v2h1.5V2a.5.5 0 0 1 .5-.5h2V0H2Zm2 10.5H2a.5.5 0 0 1-.5-.5V8H0v2a2 2 0 0 0 2 2h2v-1.5ZM8 12v-1.5h2a.5.5 0 0 0 .5-.5V8H12v2a2 2 0 0 1-2 2H8Zm2-12a2 2 0 0 1 2 2v2h-1.5V2a.5.5 0 0 0-.5-.5H8V0h2Z\" \/>\n\t\t\t<\/svg>\n\t\t<\/button><figcaption class=\"wp-element-caption\">1977<\/figcaption><\/figure>\n<\/div>\n<\/div><\/div>\n<\/div>\n<\/div>\n\n\n\n<h2 class=\"wp-block-heading\">Mon parcours<\/h2>\n\n\n\n<p>Je n\u2019ai pas suivi les Beaux-Arts. Je n\u2019en ai pas eu la possibilit\u00e9.<br>Mais j\u2019ai appris dans la rue, dans les \u00e9changes, dans une ville \u2014 Besan\u00e7on \u2014 qui \u00e9tait encore un grand terrain d\u2019exploration.<br>J\u2019ai rencontr\u00e9 des artistes, j\u2019ai suivi des cours associatifs, j\u2019ai \u00e9cout\u00e9. Un professeur japonais, Isao Takahashi, m\u2019a profond\u00e9ment marqu\u00e9.<br>\u00c0 la m\u00eame \u00e9poque, je pratiquais les arts martiaux : j\u2019ai trouv\u00e9 l\u00e0 une coh\u00e9rence, une \u00e9pure, une attention au geste.<\/p>\n\n\n\n<figure data-wp-context=\"{&quot;imageId&quot;:&quot;69de20d4d86ff&quot;}\" data-wp-interactive=\"core\/image\" data-wp-key=\"69de20d4d86ff\" class=\"wp-block-image size-full wp-lightbox-container\"><img loading=\"lazy\" decoding=\"async\" width=\"800\" height=\"450\" data-wp-class--hide=\"state.isContentHidden\" data-wp-class--show=\"state.isContentVisible\" data-wp-init=\"callbacks.setButtonStyles\" data-wp-on--click=\"actions.showLightbox\" data-wp-on--load=\"callbacks.setButtonStyles\" data-wp-on-window--resize=\"callbacks.setButtonStyles\" src=\"https:\/\/et-si.net\/Blog\/wp-content\/uploads\/2025\/06\/2025-06-07-11.25.03.webp\" alt=\"Photo d'un enfant sur la plage en 1985\" class=\"wp-image-21455\" srcset=\"https:\/\/et-si.net\/Blog\/wp-content\/uploads\/2025\/06\/2025-06-07-11.25.03.webp 800w, https:\/\/et-si.net\/Blog\/wp-content\/uploads\/2025\/06\/2025-06-07-11.25.03-500x281.webp 500w, https:\/\/et-si.net\/Blog\/wp-content\/uploads\/2025\/06\/2025-06-07-11.25.03-768x432.webp 768w\" sizes=\"auto, (max-width: 800px) 100vw, 800px\" \/><button\n\t\t\tclass=\"lightbox-trigger\"\n\t\t\ttype=\"button\"\n\t\t\taria-haspopup=\"dialog\"\n\t\t\taria-label=\"Agrandir\"\n\t\t\tdata-wp-init=\"callbacks.initTriggerButton\"\n\t\t\tdata-wp-on--click=\"actions.showLightbox\"\n\t\t\tdata-wp-style--right=\"state.imageButtonRight\"\n\t\t\tdata-wp-style--top=\"state.imageButtonTop\"\n\t\t>\n\t\t\t<svg xmlns=\"http:\/\/www.w3.org\/2000\/svg\" width=\"12\" height=\"12\" fill=\"none\" viewBox=\"0 0 12 12\">\n\t\t\t\t<path fill=\"#fff\" d=\"M2 0a2 2 0 0 0-2 2v2h1.5V2a.5.5 0 0 1 .5-.5h2V0H2Zm2 10.5H2a.5.5 0 0 1-.5-.5V8H0v2a2 2 0 0 0 2 2h2v-1.5ZM8 12v-1.5h2a.5.5 0 0 0 .5-.5V8H12v2a2 2 0 0 1-2 2H8Zm2-12a2 2 0 0 1 2 2v2h-1.5V2a.5.5 0 0 0-.5-.5H8V0h2Z\" \/>\n\t\t\t<\/svg>\n\t\t<\/button><figcaption class=\"wp-element-caption\">1985<\/figcaption><\/figure>\n\n\n\n<h2 class=\"wp-block-heading\">Devenir pro<\/h2>\n\n\n\n<p>Je suis devenu illustrateur professionnel en posant un acte simple : aller m\u2019enregistrer, obtenir mon num\u00e9ro SIRET.<br>C\u2019est \u00e0 ce moment-l\u00e0 que tout a chang\u00e9 dans le regard des autres.<br>En France, vivre d\u2019un m\u00e9tier passion, c\u2019est souvent susciter \u00e0 la fois l\u2019envie et le m\u00e9pris.<br>Mais moi, ce que je voulais, c\u2019\u00e9tait garder ce lien avec l\u2019\u00e9merveillement.<br>Et l\u2019offrir \u00e0 d\u2019autres.<\/p>\n\n\n\n<figure data-wp-context=\"{&quot;imageId&quot;:&quot;69de20d4d8a8a&quot;}\" data-wp-interactive=\"core\/image\" data-wp-key=\"69de20d4d8a8a\" class=\"wp-block-image size-full wp-lightbox-container\"><img loading=\"lazy\" decoding=\"async\" width=\"800\" height=\"450\" data-wp-class--hide=\"state.isContentHidden\" data-wp-class--show=\"state.isContentVisible\" data-wp-init=\"callbacks.setButtonStyles\" data-wp-on--click=\"actions.showLightbox\" data-wp-on--load=\"callbacks.setButtonStyles\" data-wp-on-window--resize=\"callbacks.setButtonStyles\" src=\"https:\/\/et-si.net\/Blog\/wp-content\/uploads\/2025\/06\/IM000437.webp\" alt=\"Photo de Alex en train de dessiner\" class=\"wp-image-21457\" srcset=\"https:\/\/et-si.net\/Blog\/wp-content\/uploads\/2025\/06\/IM000437.webp 800w, https:\/\/et-si.net\/Blog\/wp-content\/uploads\/2025\/06\/IM000437-500x281.webp 500w, https:\/\/et-si.net\/Blog\/wp-content\/uploads\/2025\/06\/IM000437-768x432.webp 768w\" sizes=\"auto, (max-width: 800px) 100vw, 800px\" \/><button\n\t\t\tclass=\"lightbox-trigger\"\n\t\t\ttype=\"button\"\n\t\t\taria-haspopup=\"dialog\"\n\t\t\taria-label=\"Agrandir\"\n\t\t\tdata-wp-init=\"callbacks.initTriggerButton\"\n\t\t\tdata-wp-on--click=\"actions.showLightbox\"\n\t\t\tdata-wp-style--right=\"state.imageButtonRight\"\n\t\t\tdata-wp-style--top=\"state.imageButtonTop\"\n\t\t>\n\t\t\t<svg xmlns=\"http:\/\/www.w3.org\/2000\/svg\" width=\"12\" height=\"12\" fill=\"none\" viewBox=\"0 0 12 12\">\n\t\t\t\t<path fill=\"#fff\" d=\"M2 0a2 2 0 0 0-2 2v2h1.5V2a.5.5 0 0 1 .5-.5h2V0H2Zm2 10.5H2a.5.5 0 0 1-.5-.5V8H0v2a2 2 0 0 0 2 2h2v-1.5ZM8 12v-1.5h2a.5.5 0 0 0 .5-.5V8H12v2a2 2 0 0 1-2 2H8Zm2-12a2 2 0 0 1 2 2v2h-1.5V2a.5.5 0 0 0-.5-.5H8V0h2Z\" \/>\n\t\t\t<\/svg>\n\t\t<\/button><figcaption class=\"wp-element-caption\">2004<\/figcaption><\/figure>\n\n\n\n<h2 class=\"wp-block-heading\">Impulsion Artistique<\/h2>\n\n\n\n<p>L\u2019id\u00e9e de proposer des cours m\u2019a \u00e9t\u00e9 souffl\u00e9e par les clients de ma boutique de papeterie. Ils me voyaient dessiner, poser des questions. Et plusieurs m\u2019ont demand\u00e9 : \u201cMais\u2026 vous ne donnez pas de cours ?\u201d<\/p>\n\n\n\n<p>Aujourd\u2019hui, les choses ont chang\u00e9. Le monde est plus ferm\u00e9, plus anxieux. Les gens sortent moins.<br>Alors j\u2019ai voulu proposer autre chose : un moment de rencontre, \u00e0 domicile, pour redonner confiance dans l\u2019acte de cr\u00e9er.<\/p>\n\n\n\n<p>Je fonctionne \u00e0 l\u2019intuition : je per\u00e7ois les blocages, j\u2019\u00e9coute, j\u2019oriente. Un bon cours, pour moi, c\u2019est quand quelqu\u2019un franchit une petite barri\u00e8re int\u00e9rieure sans m\u00eame s\u2019en rendre compte.<\/p>\n\n\n\n<figure class=\"wp-block-gallery has-nested-images columns-default is-cropped wp-block-gallery-1 is-layout-flex wp-block-gallery-is-layout-flex\">\n<figure data-wp-context=\"{&quot;imageId&quot;:&quot;69de20d4d8ea5&quot;}\" data-wp-interactive=\"core\/image\" data-wp-key=\"69de20d4d8ea5\" class=\"wp-block-image size-large wp-lightbox-container\"><img loading=\"lazy\" decoding=\"async\" width=\"800\" height=\"450\" data-wp-class--hide=\"state.isContentHidden\" data-wp-class--show=\"state.isContentVisible\" data-wp-init=\"callbacks.setButtonStyles\" data-wp-on--click=\"actions.showLightbox\" data-wp-on--load=\"callbacks.setButtonStyles\" data-wp-on-window--resize=\"callbacks.setButtonStyles\" data-id=\"21463\" src=\"https:\/\/et-si.net\/Blog\/wp-content\/uploads\/2025\/06\/2020-02-03-18.23.24-1.jpg\" alt=\"\" class=\"wp-image-21463\" srcset=\"https:\/\/et-si.net\/Blog\/wp-content\/uploads\/2025\/06\/2020-02-03-18.23.24-1.jpg 800w, https:\/\/et-si.net\/Blog\/wp-content\/uploads\/2025\/06\/2020-02-03-18.23.24-1-500x281.jpg 500w, https:\/\/et-si.net\/Blog\/wp-content\/uploads\/2025\/06\/2020-02-03-18.23.24-1-768x432.jpg 768w\" sizes=\"auto, (max-width: 800px) 100vw, 800px\" \/><button\n\t\t\tclass=\"lightbox-trigger\"\n\t\t\ttype=\"button\"\n\t\t\taria-haspopup=\"dialog\"\n\t\t\taria-label=\"Agrandir\"\n\t\t\tdata-wp-init=\"callbacks.initTriggerButton\"\n\t\t\tdata-wp-on--click=\"actions.showLightbox\"\n\t\t\tdata-wp-style--right=\"state.imageButtonRight\"\n\t\t\tdata-wp-style--top=\"state.imageButtonTop\"\n\t\t>\n\t\t\t<svg xmlns=\"http:\/\/www.w3.org\/2000\/svg\" width=\"12\" height=\"12\" fill=\"none\" viewBox=\"0 0 12 12\">\n\t\t\t\t<path fill=\"#fff\" d=\"M2 0a2 2 0 0 0-2 2v2h1.5V2a.5.5 0 0 1 .5-.5h2V0H2Zm2 10.5H2a.5.5 0 0 1-.5-.5V8H0v2a2 2 0 0 0 2 2h2v-1.5ZM8 12v-1.5h2a.5.5 0 0 0 .5-.5V8H12v2a2 2 0 0 1-2 2H8Zm2-12a2 2 0 0 1 2 2v2h-1.5V2a.5.5 0 0 0-.5-.5H8V0h2Z\" \/>\n\t\t\t<\/svg>\n\t\t<\/button><\/figure>\n\n\n\n<figure data-wp-context=\"{&quot;imageId&quot;:&quot;69de20d4d922a&quot;}\" data-wp-interactive=\"core\/image\" data-wp-key=\"69de20d4d922a\" class=\"wp-block-image size-large wp-lightbox-container\"><img loading=\"lazy\" decoding=\"async\" width=\"800\" height=\"450\" data-wp-class--hide=\"state.isContentHidden\" data-wp-class--show=\"state.isContentVisible\" data-wp-init=\"callbacks.setButtonStyles\" data-wp-on--click=\"actions.showLightbox\" data-wp-on--load=\"callbacks.setButtonStyles\" data-wp-on-window--resize=\"callbacks.setButtonStyles\" data-id=\"21461\" src=\"https:\/\/et-si.net\/Blog\/wp-content\/uploads\/2025\/06\/2020-02-03-18.23.10-1.jpg\" alt=\"\" class=\"wp-image-21461\" srcset=\"https:\/\/et-si.net\/Blog\/wp-content\/uploads\/2025\/06\/2020-02-03-18.23.10-1.jpg 800w, https:\/\/et-si.net\/Blog\/wp-content\/uploads\/2025\/06\/2020-02-03-18.23.10-1-500x281.jpg 500w, https:\/\/et-si.net\/Blog\/wp-content\/uploads\/2025\/06\/2020-02-03-18.23.10-1-768x432.jpg 768w\" sizes=\"auto, (max-width: 800px) 100vw, 800px\" \/><button\n\t\t\tclass=\"lightbox-trigger\"\n\t\t\ttype=\"button\"\n\t\t\taria-haspopup=\"dialog\"\n\t\t\taria-label=\"Agrandir\"\n\t\t\tdata-wp-init=\"callbacks.initTriggerButton\"\n\t\t\tdata-wp-on--click=\"actions.showLightbox\"\n\t\t\tdata-wp-style--right=\"state.imageButtonRight\"\n\t\t\tdata-wp-style--top=\"state.imageButtonTop\"\n\t\t>\n\t\t\t<svg xmlns=\"http:\/\/www.w3.org\/2000\/svg\" width=\"12\" height=\"12\" fill=\"none\" viewBox=\"0 0 12 12\">\n\t\t\t\t<path fill=\"#fff\" d=\"M2 0a2 2 0 0 0-2 2v2h1.5V2a.5.5 0 0 1 .5-.5h2V0H2Zm2 10.5H2a.5.5 0 0 1-.5-.5V8H0v2a2 2 0 0 0 2 2h2v-1.5ZM8 12v-1.5h2a.5.5 0 0 0 .5-.5V8H12v2a2 2 0 0 1-2 2H8Zm2-12a2 2 0 0 1 2 2v2h-1.5V2a.5.5 0 0 0-.5-.5H8V0h2Z\" \/>\n\t\t\t<\/svg>\n\t\t<\/button><\/figure>\n\n\n\n<figure data-wp-context=\"{&quot;imageId&quot;:&quot;69de20d4d957f&quot;}\" data-wp-interactive=\"core\/image\" data-wp-key=\"69de20d4d957f\" class=\"wp-block-image size-large wp-lightbox-container\"><img loading=\"lazy\" decoding=\"async\" width=\"800\" height=\"450\" data-wp-class--hide=\"state.isContentHidden\" data-wp-class--show=\"state.isContentVisible\" data-wp-init=\"callbacks.setButtonStyles\" data-wp-on--click=\"actions.showLightbox\" data-wp-on--load=\"callbacks.setButtonStyles\" data-wp-on-window--resize=\"callbacks.setButtonStyles\" data-id=\"21462\" src=\"https:\/\/et-si.net\/Blog\/wp-content\/uploads\/2025\/06\/2020-02-06-17.52.03-1.jpg\" alt=\"\" class=\"wp-image-21462\" srcset=\"https:\/\/et-si.net\/Blog\/wp-content\/uploads\/2025\/06\/2020-02-06-17.52.03-1.jpg 800w, https:\/\/et-si.net\/Blog\/wp-content\/uploads\/2025\/06\/2020-02-06-17.52.03-1-500x281.jpg 500w, https:\/\/et-si.net\/Blog\/wp-content\/uploads\/2025\/06\/2020-02-06-17.52.03-1-768x432.jpg 768w\" sizes=\"auto, (max-width: 800px) 100vw, 800px\" \/><button\n\t\t\tclass=\"lightbox-trigger\"\n\t\t\ttype=\"button\"\n\t\t\taria-haspopup=\"dialog\"\n\t\t\taria-label=\"Agrandir\"\n\t\t\tdata-wp-init=\"callbacks.initTriggerButton\"\n\t\t\tdata-wp-on--click=\"actions.showLightbox\"\n\t\t\tdata-wp-style--right=\"state.imageButtonRight\"\n\t\t\tdata-wp-style--top=\"state.imageButtonTop\"\n\t\t>\n\t\t\t<svg xmlns=\"http:\/\/www.w3.org\/2000\/svg\" width=\"12\" height=\"12\" fill=\"none\" viewBox=\"0 0 12 12\">\n\t\t\t\t<path fill=\"#fff\" d=\"M2 0a2 2 0 0 0-2 2v2h1.5V2a.5.5 0 0 1 .5-.5h2V0H2Zm2 10.5H2a.5.5 0 0 1-.5-.5V8H0v2a2 2 0 0 0 2 2h2v-1.5ZM8 12v-1.5h2a.5.5 0 0 0 .5-.5V8H12v2a2 2 0 0 1-2 2H8Zm2-12a2 2 0 0 1 2 2v2h-1.5V2a.5.5 0 0 0-.5-.5H8V0h2Z\" \/>\n\t\t\t<\/svg>\n\t\t<\/button><\/figure>\n\n\n\n<figure data-wp-context=\"{&quot;imageId&quot;:&quot;69de20d4d9900&quot;}\" data-wp-interactive=\"core\/image\" data-wp-key=\"69de20d4d9900\" class=\"wp-block-image size-large wp-lightbox-container\"><img loading=\"lazy\" decoding=\"async\" width=\"800\" height=\"450\" data-wp-class--hide=\"state.isContentHidden\" data-wp-class--show=\"state.isContentVisible\" data-wp-init=\"callbacks.setButtonStyles\" data-wp-on--click=\"actions.showLightbox\" data-wp-on--load=\"callbacks.setButtonStyles\" data-wp-on-window--resize=\"callbacks.setButtonStyles\" data-id=\"21460\" src=\"https:\/\/et-si.net\/Blog\/wp-content\/uploads\/2025\/06\/2020-02-05-15.52.17-1.jpg\" alt=\"\" class=\"wp-image-21460\" srcset=\"https:\/\/et-si.net\/Blog\/wp-content\/uploads\/2025\/06\/2020-02-05-15.52.17-1.jpg 800w, https:\/\/et-si.net\/Blog\/wp-content\/uploads\/2025\/06\/2020-02-05-15.52.17-1-500x281.jpg 500w, https:\/\/et-si.net\/Blog\/wp-content\/uploads\/2025\/06\/2020-02-05-15.52.17-1-768x432.jpg 768w\" sizes=\"auto, (max-width: 800px) 100vw, 800px\" \/><button\n\t\t\tclass=\"lightbox-trigger\"\n\t\t\ttype=\"button\"\n\t\t\taria-haspopup=\"dialog\"\n\t\t\taria-label=\"Agrandir\"\n\t\t\tdata-wp-init=\"callbacks.initTriggerButton\"\n\t\t\tdata-wp-on--click=\"actions.showLightbox\"\n\t\t\tdata-wp-style--right=\"state.imageButtonRight\"\n\t\t\tdata-wp-style--top=\"state.imageButtonTop\"\n\t\t>\n\t\t\t<svg xmlns=\"http:\/\/www.w3.org\/2000\/svg\" width=\"12\" height=\"12\" fill=\"none\" viewBox=\"0 0 12 12\">\n\t\t\t\t<path fill=\"#fff\" d=\"M2 0a2 2 0 0 0-2 2v2h1.5V2a.5.5 0 0 1 .5-.5h2V0H2Zm2 10.5H2a.5.5 0 0 1-.5-.5V8H0v2a2 2 0 0 0 2 2h2v-1.5ZM8 12v-1.5h2a.5.5 0 0 0 .5-.5V8H12v2a2 2 0 0 1-2 2H8Zm2-12a2 2 0 0 1 2 2v2h-1.5V2a.5.5 0 0 0-.5-.5H8V0h2Z\" \/>\n\t\t\t<\/svg>\n\t\t<\/button><\/figure>\n<\/figure>\n\n\n\n<h2 class=\"wp-block-heading\">Ce qui m\u2019inspire<\/h2>\n\n\n\n<p>Quand je ne travaille pas, je regarde des anim\u00e9s ou je joue aux jeux vid\u00e9o.<br>Mais pas juste pour le plaisir visuel : je cherche, j\u2019analyse, je m\u2019impr\u00e8gne.<\/p>\n\n\n\n<div class=\"wp-block-group is-vertical is-layout-flex wp-container-core-group-is-layout-fe9cc265 wp-block-group-is-layout-flex\">\n<div class=\"wp-block-group is-vertical is-layout-flex wp-container-core-group-is-layout-3a19b9da wp-block-group-is-layout-flex\" style=\"margin-top:0;margin-bottom:0\">\n<div class=\"wp-block-group is-nowrap is-layout-flex wp-container-core-group-is-layout-6c531013 wp-block-group-is-layout-flex\">\n<div class=\"wp-block-columns is-layout-flex wp-container-core-columns-is-layout-28f84493 wp-block-columns-is-layout-flex\">\n<div class=\"wp-block-column is-layout-flow wp-block-column-is-layout-flow\" style=\"flex-basis:100%\">\n<div class=\"wp-block-media-text is-stacked-on-mobile has-text-color has-background has-link-color wp-elements-b36f83bf311a80fd4857e4bde0aae111\" style=\"color:#5c1c42;background-color:#e3c2ce\"><figure class=\"wp-block-media-text__media\"><a href=\"https:\/\/et-si.net\/Blog\/wp-content\/uploads\/2025\/06\/gurren-lagann.jpg\" target=\"_blank\" rel=\" noreferrer noopener\"><img loading=\"lazy\" decoding=\"async\" width=\"600\" height=\"851\" src=\"https:\/\/et-si.net\/Blog\/wp-content\/uploads\/2025\/06\/gurren-lagann.jpg\" alt=\"Poster du Gurren Lagann\" class=\"wp-image-21465 size-full\" srcset=\"https:\/\/et-si.net\/Blog\/wp-content\/uploads\/2025\/06\/gurren-lagann.jpg 600w, https:\/\/et-si.net\/Blog\/wp-content\/uploads\/2025\/06\/gurren-lagann-423x600.jpg 423w\" sizes=\"auto, (max-width: 600px) 100vw, 600px\" \/><\/a><\/figure><div class=\"wp-block-media-text__content\">\n<div class=\"wp-block-group has-global-padding is-layout-constrained wp-block-group-is-layout-constrained\">\n<p><a href=\"https:\/\/fr.wikipedia.org\/wiki\/Gurren_Lagann\" target=\"_blank\" rel=\"noreferrer noopener\">Gurren Lagann<\/a>, par exemple, c\u2019est un concentr\u00e9 de d\u00e9termination \u2014 une vrille qui avance, co\u00fbte que co\u00fbte.<\/p>\n<\/div>\n<\/div><\/div>\n<\/div>\n<\/div>\n<\/div>\n\n\n\n<div class=\"wp-block-media-text has-media-on-the-right is-stacked-on-mobile has-text-color has-background has-link-color wp-elements-2bc23f2e506c3d694c8c8e92c14d9640\" style=\"color:#273546;background-color:#b1b9d0\"><div class=\"wp-block-media-text__content\">\n<div class=\"wp-block-group has-global-padding is-layout-constrained wp-block-group-is-layout-constrained\">\n<p class=\"has-text-align-right\"><a href=\"https:\/\/fr.wikipedia.org\/wiki\/Paranoia_Agent\" target=\"_blank\" rel=\"noreferrer noopener\">Paranoia Agent<\/a>, c\u2019est l\u2019\u00e9veil brutal face \u00e0 la pression sociale, la perte de rep\u00e8res. Ces \u0153uvres parlent vrai.<\/p>\n<\/div>\n<\/div><figure class=\"wp-block-media-text__media\"><a href=\"https:\/\/et-si.net\/Blog\/wp-content\/uploads\/2025\/06\/paranoiaagent-01.jpg\"><img loading=\"lazy\" decoding=\"async\" width=\"1024\" height=\"768\" src=\"https:\/\/et-si.net\/Blog\/wp-content\/uploads\/2025\/06\/paranoiaagent-01.jpg\" alt=\"Affiche fan art de Paranoia Agent\" class=\"wp-image-21466 size-full\" srcset=\"https:\/\/et-si.net\/Blog\/wp-content\/uploads\/2025\/06\/paranoiaagent-01.jpg 1024w, https:\/\/et-si.net\/Blog\/wp-content\/uploads\/2025\/06\/paranoiaagent-01-500x375.jpg 500w, https:\/\/et-si.net\/Blog\/wp-content\/uploads\/2025\/06\/paranoiaagent-01-768x576.jpg 768w\" sizes=\"auto, (max-width: 1024px) 100vw, 1024px\" \/><\/a><\/figure><\/div>\n<\/div>\n<\/div>\n\n\n\n<p>Et puis, tous les matins, je sors sur ma terrasse pour observer mes plantes. Je les regarde pousser, litt\u00e9ralement. Je prends le temps de voir le monde avancer lentement, avec persistance.<\/p>\n\n\n\n<figure data-wp-context=\"{&quot;imageId&quot;:&quot;69de20d4d9fa0&quot;}\" data-wp-interactive=\"core\/image\" data-wp-key=\"69de20d4d9fa0\" class=\"wp-block-image size-full wp-lightbox-container\"><img loading=\"lazy\" decoding=\"async\" width=\"800\" height=\"450\" data-wp-class--hide=\"state.isContentHidden\" data-wp-class--show=\"state.isContentVisible\" data-wp-init=\"callbacks.setButtonStyles\" data-wp-on--click=\"actions.showLightbox\" data-wp-on--load=\"callbacks.setButtonStyles\" data-wp-on-window--resize=\"callbacks.setButtonStyles\" src=\"https:\/\/et-si.net\/Blog\/wp-content\/uploads\/2025\/06\/2020-05-17-12.18.39.webp\" alt=\"Photo d'un chat sur une table en bois en train de dormir au soleil\" class=\"wp-image-21469\" srcset=\"https:\/\/et-si.net\/Blog\/wp-content\/uploads\/2025\/06\/2020-05-17-12.18.39.webp 800w, https:\/\/et-si.net\/Blog\/wp-content\/uploads\/2025\/06\/2020-05-17-12.18.39-500x281.webp 500w, https:\/\/et-si.net\/Blog\/wp-content\/uploads\/2025\/06\/2020-05-17-12.18.39-768x432.webp 768w\" sizes=\"auto, (max-width: 800px) 100vw, 800px\" \/><button\n\t\t\tclass=\"lightbox-trigger\"\n\t\t\ttype=\"button\"\n\t\t\taria-haspopup=\"dialog\"\n\t\t\taria-label=\"Agrandir\"\n\t\t\tdata-wp-init=\"callbacks.initTriggerButton\"\n\t\t\tdata-wp-on--click=\"actions.showLightbox\"\n\t\t\tdata-wp-style--right=\"state.imageButtonRight\"\n\t\t\tdata-wp-style--top=\"state.imageButtonTop\"\n\t\t>\n\t\t\t<svg xmlns=\"http:\/\/www.w3.org\/2000\/svg\" width=\"12\" height=\"12\" fill=\"none\" viewBox=\"0 0 12 12\">\n\t\t\t\t<path fill=\"#fff\" d=\"M2 0a2 2 0 0 0-2 2v2h1.5V2a.5.5 0 0 1 .5-.5h2V0H2Zm2 10.5H2a.5.5 0 0 1-.5-.5V8H0v2a2 2 0 0 0 2 2h2v-1.5ZM8 12v-1.5h2a.5.5 0 0 0 .5-.5V8H12v2a2 2 0 0 1-2 2H8Zm2-12a2 2 0 0 1 2 2v2h-1.5V2a.5.5 0 0 0-.5-.5H8V0h2Z\" \/>\n\t\t\t<\/svg>\n\t\t<\/button><\/figure>\n\n\n\n<h2 class=\"wp-block-heading\">Un truc que peu de gens savent<\/h2>\n\n\n\n<p>J\u2019adore regarder pousser les choses. Je crois \u00e0 la lenteur. \u00c0 la croissance invisible.<br>J\u2019aime observer ce qu\u2019on ne regarde plus : le d\u00e9ploiement discret, mais continu, de la vie.<br>C\u2019est peut-\u00eatre \u00e7a, au fond, qui m\u2019inspire le plus.<\/p>\n\n\n\n<figure data-wp-context=\"{&quot;imageId&quot;:&quot;69de20d4da36a&quot;}\" data-wp-interactive=\"core\/image\" data-wp-key=\"69de20d4da36a\" class=\"wp-block-image size-full wp-lightbox-container\"><img loading=\"lazy\" decoding=\"async\" width=\"800\" height=\"450\" data-wp-class--hide=\"state.isContentHidden\" data-wp-class--show=\"state.isContentVisible\" data-wp-init=\"callbacks.setButtonStyles\" data-wp-on--click=\"actions.showLightbox\" data-wp-on--load=\"callbacks.setButtonStyles\" data-wp-on-window--resize=\"callbacks.setButtonStyles\" src=\"https:\/\/et-si.net\/Blog\/wp-content\/uploads\/2025\/06\/2020-12-04-11.03.12.webp\" alt=\"Photo amusante d'un chat endormis dans un pot de fleurs, sur une terrasse\" class=\"wp-image-21470\" srcset=\"https:\/\/et-si.net\/Blog\/wp-content\/uploads\/2025\/06\/2020-12-04-11.03.12.webp 800w, https:\/\/et-si.net\/Blog\/wp-content\/uploads\/2025\/06\/2020-12-04-11.03.12-500x281.webp 500w, https:\/\/et-si.net\/Blog\/wp-content\/uploads\/2025\/06\/2020-12-04-11.03.12-768x432.webp 768w\" sizes=\"auto, (max-width: 800px) 100vw, 800px\" \/><button\n\t\t\tclass=\"lightbox-trigger\"\n\t\t\ttype=\"button\"\n\t\t\taria-haspopup=\"dialog\"\n\t\t\taria-label=\"Agrandir\"\n\t\t\tdata-wp-init=\"callbacks.initTriggerButton\"\n\t\t\tdata-wp-on--click=\"actions.showLightbox\"\n\t\t\tdata-wp-style--right=\"state.imageButtonRight\"\n\t\t\tdata-wp-style--top=\"state.imageButtonTop\"\n\t\t>\n\t\t\t<svg xmlns=\"http:\/\/www.w3.org\/2000\/svg\" width=\"12\" height=\"12\" fill=\"none\" viewBox=\"0 0 12 12\">\n\t\t\t\t<path fill=\"#fff\" d=\"M2 0a2 2 0 0 0-2 2v2h1.5V2a.5.5 0 0 1 .5-.5h2V0H2Zm2 10.5H2a.5.5 0 0 1-.5-.5V8H0v2a2 2 0 0 0 2 2h2v-1.5ZM8 12v-1.5h2a.5.5 0 0 0 .5-.5V8H12v2a2 2 0 0 1-2 2H8Zm2-12a2 2 0 0 1 2 2v2h-1.5V2a.5.5 0 0 0-.5-.5H8V0h2Z\" \/>\n\t\t\t<\/svg>\n\t\t<\/button><\/figure>\n","protected":false},"excerpt":{"rendered":"<p>Je suis Alex, illustrateur autodidacte depuis plus de vingt ans. Mon parcours s\u2019est construit loin des \u00e9coles, mais au plus pr\u00e8s des gens, des gestes et des histoires. Aujourd\u2019hui, je transmets le dessin comme on partage un langage : pour cr\u00e9er, mais surtout pour ressentir.<\/p>\n","protected":false},"author":2,"featured_media":21472,"parent":0,"menu_order":0,"comment_status":"closed","ping_status":"closed","template":"","meta":{"footnotes":""},"class_list":["post-21451","page","type-page","status-publish","has-post-thumbnail","hentry"],"_links":{"self":[{"href":"https:\/\/et-si.net\/Blog\/wp-json\/wp\/v2\/pages\/21451","targetHints":{"allow":["GET"]}}],"collection":[{"href":"https:\/\/et-si.net\/Blog\/wp-json\/wp\/v2\/pages"}],"about":[{"href":"https:\/\/et-si.net\/Blog\/wp-json\/wp\/v2\/types\/page"}],"author":[{"embeddable":true,"href":"https:\/\/et-si.net\/Blog\/wp-json\/wp\/v2\/users\/2"}],"replies":[{"embeddable":true,"href":"https:\/\/et-si.net\/Blog\/wp-json\/wp\/v2\/comments?post=21451"}],"version-history":[{"count":0,"href":"https:\/\/et-si.net\/Blog\/wp-json\/wp\/v2\/pages\/21451\/revisions"}],"wp:featuredmedia":[{"embeddable":true,"href":"https:\/\/et-si.net\/Blog\/wp-json\/wp\/v2\/media\/21472"}],"wp:attachment":[{"href":"https:\/\/et-si.net\/Blog\/wp-json\/wp\/v2\/media?parent=21451"}],"curies":[{"name":"wp","href":"https:\/\/api.w.org\/{rel}","templated":true}]}}