{"id":22023,"date":"2025-10-14T10:32:47","date_gmt":"2025-10-14T08:32:47","guid":{"rendered":"https:\/\/et-si.net\/Blog\/?page_id=22023"},"modified":"2025-10-14T10:37:14","modified_gmt":"2025-10-14T08:37:14","slug":"mes-lives-tiktok","status":"publish","type":"page","link":"https:\/\/et-si.net\/Blog\/mes-lives-tiktok\/","title":{"rendered":"mes lives tiktok"},"content":{"rendered":"\n<div class=\"wp-block-group has-global-padding is-layout-constrained wp-block-group-is-layout-constrained\">\n<h1 class=\"wp-block-heading\">Mes Lives quotidiens sur TikTok<\/h1>\n\n\n\n<p>Un rendez-vous quotidien du <strong><mark style=\"background-color:#FFEE58\" class=\"has-inline-color has-contrast-color\">lundi au vendredi de 17h \u00e0 19h<\/mark><\/strong> (heure de Paris) en direct sur <strong><a href=\"https:\/\/www.tiktok.com\/@alexillustrateur\"><mark style=\"background-color:#111111\" class=\"has-inline-color has-base-color\">mon compte TikTok<\/mark><\/a>.<\/strong><\/p>\n\n\n\n<p>Parfois, je d\u00e9cale en fonction de l\u2019\u00e9cole ou des projets.<\/p>\n\n\n\n<p><strong>Pensez \u00e0 vous abonner \u00e0 la newsletter en bas de page ! <\/strong><\/p>\n<\/div>\n\n\n\n<h2 class=\"wp-block-heading\">Ce qu\u2019on fait en live ?<\/h2>\n\n\n\n<div class=\"wp-block-group is-nowrap is-layout-flex wp-container-core-group-is-layout-6c531013 wp-block-group-is-layout-flex\">\n<figure class=\"wp-block-image size-full\"><img loading=\"lazy\" decoding=\"async\" width=\"563\" height=\"1000\" src=\"https:\/\/et-si.net\/Blog\/wp-content\/uploads\/2025\/10\/2025-10-14-10.06.01.webp\" alt=\"\" class=\"wp-image-22025\" srcset=\"https:\/\/et-si.net\/Blog\/wp-content\/uploads\/2025\/10\/2025-10-14-10.06.01.webp 563w, https:\/\/et-si.net\/Blog\/wp-content\/uploads\/2025\/10\/2025-10-14-10.06.01-338x600.webp 338w\" sizes=\"auto, (max-width: 563px) 100vw, 563px\" \/><\/figure>\n\n\n\n<ul class=\"wp-block-list\">\n<li><strong>Illustration en direct<\/strong> : croquis, encrage, composition, rendu.<\/li>\n\n\n\n<li><strong>Elficologie &amp; folklore<\/strong> : cr\u00e9atures, sources, typologies, et mini\u2011r\u00e9cits.<\/li>\n\n\n\n<li><strong>P\u00e9dagogie du dessin<\/strong> : d\u00e9dramatisation technique, astuces concr\u00e8tes, exercices.<\/li>\n\n\n\n<li><strong>Iconographe<\/strong> : images libres pour JDR &amp; r\u00e9cits interactifs.<\/li>\n<\/ul>\n<\/div>\n\n\n\n<blockquote class=\"wp-block-quote has-accent-2-background-color has-background is-layout-flow wp-block-quote-is-layout-flow\">\n<p>Ambiance : bienveillance, curiosit\u00e9, et un zeste de nerdise.<\/p>\n<\/blockquote>\n\n\n\n<div style=\"display:flex; justify-content:center; margin:12px 0;\">\n  <iframe\n    src=\"https:\/\/www.youtube.com\/embed\/RLONMx5dh28?playsinline=1&#038;modestbranding=1&#038;rel=0\"\n    title=\"YouTube Shorts\"\n    allow=\"accelerometer; autoplay; clipboard-write; encrypted-media; gyroscope; picture-in-picture; web-share\"\n    allowfullscreen\n    loading=\"lazy\"\n    style=\"width:100%; max-width:420px; aspect-ratio:9\/16; border:0; border-radius:12px;\">\n  <\/iframe>\n<\/div>\n\n","protected":false},"excerpt":{"rendered":"<p>Mes Lives quotidiens sur TikTok Un rendez-vous quotidien du lundi au vendredi de 17h \u00e0 19h (heure de Paris) en direct sur mon compte TikTok. Parfois, je d\u00e9cale en fonction de l\u2019\u00e9cole ou des projets. Pensez \u00e0 vous abonner \u00e0 la newsletter en bas de page ! Ce qu\u2019on fait en live ? Ambiance : [&hellip;]<\/p>\n","protected":false},"author":2,"featured_media":22024,"parent":0,"menu_order":0,"comment_status":"closed","ping_status":"closed","template":"","meta":{"footnotes":""},"class_list":["post-22023","page","type-page","status-publish","has-post-thumbnail","hentry"],"_links":{"self":[{"href":"https:\/\/et-si.net\/Blog\/wp-json\/wp\/v2\/pages\/22023","targetHints":{"allow":["GET"]}}],"collection":[{"href":"https:\/\/et-si.net\/Blog\/wp-json\/wp\/v2\/pages"}],"about":[{"href":"https:\/\/et-si.net\/Blog\/wp-json\/wp\/v2\/types\/page"}],"author":[{"embeddable":true,"href":"https:\/\/et-si.net\/Blog\/wp-json\/wp\/v2\/users\/2"}],"replies":[{"embeddable":true,"href":"https:\/\/et-si.net\/Blog\/wp-json\/wp\/v2\/comments?post=22023"}],"version-history":[{"count":0,"href":"https:\/\/et-si.net\/Blog\/wp-json\/wp\/v2\/pages\/22023\/revisions"}],"wp:featuredmedia":[{"embeddable":true,"href":"https:\/\/et-si.net\/Blog\/wp-json\/wp\/v2\/media\/22024"}],"wp:attachment":[{"href":"https:\/\/et-si.net\/Blog\/wp-json\/wp\/v2\/media?parent=22023"}],"curies":[{"name":"wp","href":"https:\/\/api.w.org\/{rel}","templated":true}]}}