{"id":21697,"date":"2025-06-30T10:22:17","date_gmt":"2025-06-30T08:22:17","guid":{"rendered":"https:\/\/et-si.net\/Blog\/?post_type=product&#038;p=21697"},"modified":"2025-11-27T19:35:34","modified_gmt":"2025-11-27T18:35:34","slug":"carpe-koi-oeuvre-originale-signee-20x20cm","status":"publish","type":"product","link":"https:\/\/et-si.net\/Blog\/produit\/carpe-koi-oeuvre-originale-signee-20x20cm\/","title":{"rendered":"Carpe Koi \u2013 \u0152uvre originale sign\u00e9e (20x20cm)"},"content":{"rendered":"<p data-start=\"259\" data-end=\"632\">Une carpe koi paisible, flottant dans un mouvement d\u00e9licat, illustr\u00e9e \u00e0 l\u2019encre sur papier coton 300g.<br data-start=\"361\" data-end=\"364\" \/>Cette \u0153uvre carr\u00e9e, peinte \u00e0 la main, joue avec les vides et les flux, dans une composition sobre et expressive.<br data-start=\"476\" data-end=\"479\" \/>Inspir\u00e9e des symboles d\u2019harmonie et de pers\u00e9v\u00e9rance, elle trouvera naturellement sa place dans un int\u00e9rieur calme, un bureau, ou un espace de m\u00e9ditation.<\/p>\n<ul data-start=\"634\" data-end=\"906\">\n<li data-start=\"634\" data-end=\"670\">\n<p data-start=\"636\" data-end=\"670\"><strong data-start=\"636\" data-end=\"649\">Technique<\/strong> : encre de couleur<\/p>\n<\/li>\n<li data-start=\"671\" data-end=\"698\">\n<p data-start=\"673\" data-end=\"698\"><strong data-start=\"673\" data-end=\"683\">Format<\/strong> : 20 x 20 cm<\/p>\n<\/li>\n<li data-start=\"699\" data-end=\"748\">\n<p data-start=\"701\" data-end=\"748\"><strong data-start=\"701\" data-end=\"712\">Support<\/strong> : papier coton 300g \u00e0 grain l\u00e9ger<\/p>\n<\/li>\n<li data-start=\"749\" data-end=\"775\">\n<p data-start=\"751\" data-end=\"775\"><strong data-start=\"751\" data-end=\"764\">Signature<\/strong> : au dos<\/p>\n<\/li>\n<li data-start=\"776\" data-end=\"847\">\n<p data-start=\"778\" data-end=\"847\"><strong data-start=\"778\" data-end=\"791\">Emballage<\/strong> : exp\u00e9dition prot\u00e9g\u00e9e, sous pochette cartonn\u00e9e rigide<\/p>\n<\/li>\n<li data-start=\"848\" data-end=\"906\">\n<p data-start=\"850\" data-end=\"906\"><strong data-start=\"850\" data-end=\"866\">\u0152uvre unique<\/strong> \u2013 il n\u2019en existe qu\u2019un seul exemplaire.<\/p>\n<\/li>\n<\/ul>\n","protected":false},"excerpt":{"rendered":"<p>\u0152uvre originale peinte \u00e0 la main. Format 20 x 20 cm, encre sur papier coton 300g. Sign\u00e9e au dos. Pi\u00e8ce unique.<\/p>\n","protected":false},"featured_media":21700,"comment_status":"open","ping_status":"closed","template":"","meta":[],"product_brand":[],"product_cat":[420,991],"product_tag":[994,993,995,992,996],"class_list":{"0":"post-21697","1":"product","2":"type-product","3":"status-publish","4":"has-post-thumbnail","6":"product_cat-animaux","7":"product_cat-poisson","8":"product_tag-asie","9":"product_tag-carpe","10":"product_tag-encre","11":"product_tag-poisson","12":"product_tag-zen","14":"first","15":"instock","16":"taxable","17":"shipping-taxable","18":"purchasable","19":"product-type-simple"},"_links":{"self":[{"href":"https:\/\/et-si.net\/Blog\/wp-json\/wp\/v2\/product\/21697","targetHints":{"allow":["GET"]}}],"collection":[{"href":"https:\/\/et-si.net\/Blog\/wp-json\/wp\/v2\/product"}],"about":[{"href":"https:\/\/et-si.net\/Blog\/wp-json\/wp\/v2\/types\/product"}],"replies":[{"embeddable":true,"href":"https:\/\/et-si.net\/Blog\/wp-json\/wp\/v2\/comments?post=21697"}],"wp:featuredmedia":[{"embeddable":true,"href":"https:\/\/et-si.net\/Blog\/wp-json\/wp\/v2\/media\/21700"}],"wp:attachment":[{"href":"https:\/\/et-si.net\/Blog\/wp-json\/wp\/v2\/media?parent=21697"}],"wp:term":[{"taxonomy":"product_brand","embeddable":true,"href":"https:\/\/et-si.net\/Blog\/wp-json\/wp\/v2\/product_brand?post=21697"},{"taxonomy":"product_cat","embeddable":true,"href":"https:\/\/et-si.net\/Blog\/wp-json\/wp\/v2\/product_cat?post=21697"},{"taxonomy":"product_tag","embeddable":true,"href":"https:\/\/et-si.net\/Blog\/wp-json\/wp\/v2\/product_tag?post=21697"}],"curies":[{"name":"wp","href":"https:\/\/api.w.org\/{rel}","templated":true}]}}