{"id":21704,"date":"2025-06-30T16:37:55","date_gmt":"2025-06-30T14:37:55","guid":{"rendered":"https:\/\/et-si.net\/Blog\/?post_type=product&#038;p=21704"},"modified":"2025-11-27T19:35:34","modified_gmt":"2025-11-27T18:35:34","slug":"illustration-originale-capoeira-0002-encre-alex","status":"publish","type":"product","link":"https:\/\/et-si.net\/Blog\/produit\/illustration-originale-capoeira-0002-encre-alex\/","title":{"rendered":"Capoeira 0002 \u2013 \u0152uvre originale sign\u00e9e (29.7x21cm)"},"content":{"rendered":"<p data-start=\"325\" data-end=\"672\">Une sc\u00e8ne vibrante de capoeira peinte \u00e0 la main, dans un enchev\u00eatrement color\u00e9 de corps en mouvement.<br data-start=\"426\" data-end=\"429\" \/>Cette illustration originale rend hommage \u00e0 l\u2019\u00e9nergie, \u00e0 la souplesse et \u00e0 la danse-lutte br\u00e9silienne dans une composition libre et fluide. Chaque silhouette est sugg\u00e9r\u00e9e par des encres vives, pos\u00e9es avec spontan\u00e9it\u00e9 sur un papier coton \u00e9pais.<\/p>\n<p data-start=\"674\" data-end=\"879\">Cette \u0153uvre est une <strong data-start=\"694\" data-end=\"710\">pi\u00e8ce unique<\/strong>, non reproduite, sign\u00e9e au dos par l\u2019artiste.<br data-start=\"756\" data-end=\"759\" \/>Elle trouvera naturellement sa place dans un int\u00e9rieur vivant, une salle de pratique, un atelier ou un espace inspirant.<\/p>\n<ul data-start=\"881\" data-end=\"1189\">\n<li data-start=\"881\" data-end=\"918\">\n<p data-start=\"883\" data-end=\"918\"><strong data-start=\"883\" data-end=\"896\">Technique<\/strong> : encres de couleur<\/p>\n<\/li>\n<li data-start=\"919\" data-end=\"974\">\n<p data-start=\"921\" data-end=\"974\"><strong data-start=\"921\" data-end=\"931\">Format<\/strong> : A4 (29,7 x 21 cm), orientation paysage<\/p>\n<\/li>\n<li data-start=\"975\" data-end=\"1022\">\n<p data-start=\"977\" data-end=\"1022\"><strong data-start=\"977\" data-end=\"988\">Support<\/strong> : papier coton 300g \u00e0 grain fin<\/p>\n<\/li>\n<li data-start=\"1023\" data-end=\"1049\">\n<p data-start=\"1025\" data-end=\"1049\"><strong data-start=\"1025\" data-end=\"1038\">Signature<\/strong> : au dos<\/p>\n<\/li>\n<li data-start=\"1050\" data-end=\"1120\">\n<p data-start=\"1052\" data-end=\"1120\"><strong data-start=\"1052\" data-end=\"1065\">Emballage<\/strong> : exp\u00e9di\u00e9e avec soin, sous pochette cartonn\u00e9e rigide<\/p>\n<\/li>\n<li data-start=\"1121\" data-end=\"1189\">\n<p data-start=\"1123\" data-end=\"1189\"><strong data-start=\"1123\" data-end=\"1135\">Original<\/strong> : \u0153uvre unique \u2013 il n\u2019en existe qu\u2019un seul exemplaire<\/p>\n<\/li>\n<\/ul>\n","protected":false},"excerpt":{"rendered":"<p>\u0152uvre originale peinte \u00e0 la main. Format 29.7 x 21 cm, encre sur papier coton 300g. Sign\u00e9e au dos. Pi\u00e8ce unique.<\/p>\n","protected":false},"featured_media":21707,"comment_status":"open","ping_status":"closed","template":"","meta":[],"product_brand":[],"product_cat":[997,998],"product_tag":[999,386,995],"class_list":{"0":"post-21704","1":"product","2":"type-product","3":"status-publish","4":"has-post-thumbnail","6":"product_cat-capoeira","7":"product_cat-format-moyen","8":"product_tag-bresil","9":"product_tag-capoeira","10":"product_tag-encre","12":"first","13":"instock","14":"taxable","15":"shipping-taxable","16":"purchasable","17":"product-type-simple"},"_links":{"self":[{"href":"https:\/\/et-si.net\/Blog\/wp-json\/wp\/v2\/product\/21704","targetHints":{"allow":["GET"]}}],"collection":[{"href":"https:\/\/et-si.net\/Blog\/wp-json\/wp\/v2\/product"}],"about":[{"href":"https:\/\/et-si.net\/Blog\/wp-json\/wp\/v2\/types\/product"}],"replies":[{"embeddable":true,"href":"https:\/\/et-si.net\/Blog\/wp-json\/wp\/v2\/comments?post=21704"}],"wp:featuredmedia":[{"embeddable":true,"href":"https:\/\/et-si.net\/Blog\/wp-json\/wp\/v2\/media\/21707"}],"wp:attachment":[{"href":"https:\/\/et-si.net\/Blog\/wp-json\/wp\/v2\/media?parent=21704"}],"wp:term":[{"taxonomy":"product_brand","embeddable":true,"href":"https:\/\/et-si.net\/Blog\/wp-json\/wp\/v2\/product_brand?post=21704"},{"taxonomy":"product_cat","embeddable":true,"href":"https:\/\/et-si.net\/Blog\/wp-json\/wp\/v2\/product_cat?post=21704"},{"taxonomy":"product_tag","embeddable":true,"href":"https:\/\/et-si.net\/Blog\/wp-json\/wp\/v2\/product_tag?post=21704"}],"curies":[{"name":"wp","href":"https:\/\/api.w.org\/{rel}","templated":true}]}}