{"id":21711,"date":"2025-06-30T17:27:04","date_gmt":"2025-06-30T15:27:04","guid":{"rendered":"https:\/\/et-si.net\/Blog\/?post_type=product&#038;p=21711"},"modified":"2025-11-27T19:35:34","modified_gmt":"2025-11-27T18:35:34","slug":"illustration-originale-capoeira-0003-encre-alex","status":"publish","type":"product","link":"https:\/\/et-si.net\/Blog\/produit\/illustration-originale-capoeira-0003-encre-alex\/","title":{"rendered":"Capoeira 0003 \u2013 \u0152uvre originale sign\u00e9e (28x19cm)"},"content":{"rendered":"<p data-start=\"287\" data-end=\"537\">Une composition explosive o\u00f9 deux capoeiristes s\u2019\u00e9lancent dans un mouvement crois\u00e9, suspendus dans un instant de force et de gr\u00e2ce.<br data-start=\"418\" data-end=\"421\" \/>Les tons rouges, bruns et ros\u00e9s \u00e9voquent la chaleur d\u2019un sol ocre ou le cr\u00e9pitement d\u2019un coucher de soleil tropical.<\/p>\n<p data-start=\"539\" data-end=\"727\">R\u00e9alis\u00e9e \u00e0 la main \u00e0 l\u2019encre et au feutre, cette \u0153uvre originale est port\u00e9e par des lignes nettes et une mise en couleur vibrante.<br data-start=\"669\" data-end=\"672\" \/>La signature stylis\u00e9e de l\u2019artiste figure sur le recto.<\/p>\n<p data-start=\"729\" data-end=\"829\">Cette pi\u00e8ce unique trouvera naturellement sa place dans un int\u00e9rieur cr\u00e9atif, sportif ou ensoleill\u00e9.<\/p>\n<ul data-start=\"881\" data-end=\"1189\">\n<li data-start=\"881\" data-end=\"918\">\n<p data-start=\"883\" data-end=\"918\"><strong data-start=\"883\" data-end=\"896\">Technique<\/strong> : encres de couleur<\/p>\n<\/li>\n<li data-start=\"919\" data-end=\"974\">\n<p data-start=\"921\" data-end=\"974\"><strong data-start=\"921\" data-end=\"931\">Format<\/strong> : A4 (28 x 19 cm), orientation paysage<\/p>\n<\/li>\n<li data-start=\"975\" data-end=\"1022\">\n<p data-start=\"977\" data-end=\"1022\"><strong data-start=\"977\" data-end=\"988\">Support<\/strong> : papier coton 300g \u00e0 grain fin<\/p>\n<\/li>\n<li data-start=\"1023\" data-end=\"1049\">\n<p data-start=\"1025\" data-end=\"1049\"><strong data-start=\"1025\" data-end=\"1038\">Signature<\/strong> : au dos<\/p>\n<\/li>\n<li data-start=\"1050\" data-end=\"1120\">\n<p data-start=\"1052\" data-end=\"1120\"><strong data-start=\"1052\" data-end=\"1065\">Emballage<\/strong> : exp\u00e9di\u00e9e avec soin, sous pochette cartonn\u00e9e rigide<\/p>\n<\/li>\n<li data-start=\"1121\" data-end=\"1189\">\n<p data-start=\"1123\" data-end=\"1189\"><strong data-start=\"1123\" data-end=\"1135\">Original<\/strong> : \u0153uvre unique \u2013 il n\u2019en existe qu\u2019un seul exemplaire<\/p>\n<\/li>\n<\/ul>\n","protected":false},"excerpt":{"rendered":"<p>\u0152uvre originale peinte \u00e0 la main. Format 28 x 19 cm, encre sur papier coton 300g. Sign\u00e9e au dos. Pi\u00e8ce unique.<\/p>\n","protected":false},"featured_media":21714,"comment_status":"open","ping_status":"closed","template":"","meta":[],"product_brand":[],"product_cat":[997,998],"product_tag":[999,386,995],"class_list":{"0":"post-21711","1":"product","2":"type-product","3":"status-publish","4":"has-post-thumbnail","6":"product_cat-capoeira","7":"product_cat-format-moyen","8":"product_tag-bresil","9":"product_tag-capoeira","10":"product_tag-encre","12":"first","13":"instock","14":"taxable","15":"shipping-taxable","16":"purchasable","17":"product-type-simple"},"_links":{"self":[{"href":"https:\/\/et-si.net\/Blog\/wp-json\/wp\/v2\/product\/21711","targetHints":{"allow":["GET"]}}],"collection":[{"href":"https:\/\/et-si.net\/Blog\/wp-json\/wp\/v2\/product"}],"about":[{"href":"https:\/\/et-si.net\/Blog\/wp-json\/wp\/v2\/types\/product"}],"replies":[{"embeddable":true,"href":"https:\/\/et-si.net\/Blog\/wp-json\/wp\/v2\/comments?post=21711"}],"wp:featuredmedia":[{"embeddable":true,"href":"https:\/\/et-si.net\/Blog\/wp-json\/wp\/v2\/media\/21714"}],"wp:attachment":[{"href":"https:\/\/et-si.net\/Blog\/wp-json\/wp\/v2\/media?parent=21711"}],"wp:term":[{"taxonomy":"product_brand","embeddable":true,"href":"https:\/\/et-si.net\/Blog\/wp-json\/wp\/v2\/product_brand?post=21711"},{"taxonomy":"product_cat","embeddable":true,"href":"https:\/\/et-si.net\/Blog\/wp-json\/wp\/v2\/product_cat?post=21711"},{"taxonomy":"product_tag","embeddable":true,"href":"https:\/\/et-si.net\/Blog\/wp-json\/wp\/v2\/product_tag?post=21711"}],"curies":[{"name":"wp","href":"https:\/\/api.w.org\/{rel}","templated":true}]}}