{"id":21734,"date":"2025-07-01T11:17:17","date_gmt":"2025-07-01T09:17:17","guid":{"rendered":"https:\/\/et-si.net\/Blog\/?post_type=product&#038;p=21734"},"modified":"2025-11-27T19:35:34","modified_gmt":"2025-11-27T18:35:34","slug":"femme-et-cafe-0001","status":"publish","type":"product","link":"https:\/\/et-si.net\/Blog\/produit\/femme-et-cafe-0001\/","title":{"rendered":"Femme et caf\u00e9 0001 \u2013 \u0152uvre originale sign\u00e9e (10 x 12.5cm)"},"content":{"rendered":"<p data-start=\"284\" data-end=\"790\">Une jeune femme assise en terrasse, entour\u00e9e d\u2019objets du quotidien \u2014 un caf\u00e9 noir, un carnet \u2014 dans une ambiance douce et estivale.<br data-start=\"441\" data-end=\"444\" \/>Cette illustration, peinte \u00e0 la main \u00e0 l\u2019aquarelle sur papier textur\u00e9, est une \u0153uvre originale unique, non reproduite, sign\u00e9e au dos par l\u2019artiste.<br data-start=\"591\" data-end=\"594\" \/>Avec sa composition simple et ses aplats color\u00e9s vifs (orange, vert, noir), elle d\u00e9gage une atmosph\u00e8re \u00e0 la fois contemplative et l\u00e9g\u00e8re, id\u00e9ale pour un coin caf\u00e9, une cuisine ou une biblioth\u00e8que.<\/p>\n<ul data-start=\"792\" data-end=\"1070\">\n<li data-start=\"792\" data-end=\"836\">\n<p data-start=\"794\" data-end=\"836\"><strong data-start=\"794\" data-end=\"807\">Technique<\/strong> : aquarelle (encre et lavis)<\/p>\n<\/li>\n<li data-start=\"837\" data-end=\"864\">\n<p data-start=\"839\" data-end=\"864\"><strong data-start=\"839\" data-end=\"849\">Format<\/strong> : 10 x 12,5 cm<\/p>\n<\/li>\n<li data-start=\"865\" data-end=\"916\">\n<p data-start=\"867\" data-end=\"916\"><strong data-start=\"867\" data-end=\"878\">Support<\/strong> : papier cellulose 250 g, grain l\u00e9ger<\/p>\n<\/li>\n<li data-start=\"917\" data-end=\"941\">\n<p data-start=\"919\" data-end=\"941\"><strong data-start=\"919\" data-end=\"932\">Signature<\/strong> : au dos<\/p>\n<\/li>\n<li data-start=\"942\" data-end=\"1012\">\n<p data-start=\"944\" data-end=\"1012\"><strong data-start=\"944\" data-end=\"957\">Emballage<\/strong> : exp\u00e9dition prot\u00e9g\u00e9e sous pochette cartonn\u00e9e rigide<\/p>\n<\/li>\n<li data-start=\"1013\" data-end=\"1070\">\n<p data-start=\"1015\" data-end=\"1070\"><strong data-start=\"1015\" data-end=\"1031\">\u0152uvre unique<\/strong> \u2013 il n\u2019en existe qu\u2019un seul exemplaire<\/p>\n<\/li>\n<\/ul>\n","protected":false},"excerpt":{"rendered":"<p>\u0152uvre originale peinte \u00e0 la main. Format 10 x 12.5 cm, encre sur papier cellulose 250g. Sign\u00e9e au dos. Pi\u00e8ce unique.<\/p>\n","protected":false},"featured_media":21735,"comment_status":"open","ping_status":"closed","template":"","meta":[],"product_brand":[],"product_cat":[1002,1001,1041,1000],"product_tag":[1005,1004,1006],"class_list":{"0":"post-21734","1":"product","2":"type-product","3":"status-publish","4":"has-post-thumbnail","6":"product_cat-cafe","7":"product_cat-femme","8":"product_cat-originaux","9":"product_cat-portrait","10":"product_tag-cafe","11":"product_tag-femme","12":"product_tag-terrasse","13":"product_shipping_class-original-assure","15":"first","16":"instock","17":"purchasable","18":"product-type-simple"},"_links":{"self":[{"href":"https:\/\/et-si.net\/Blog\/wp-json\/wp\/v2\/product\/21734","targetHints":{"allow":["GET"]}}],"collection":[{"href":"https:\/\/et-si.net\/Blog\/wp-json\/wp\/v2\/product"}],"about":[{"href":"https:\/\/et-si.net\/Blog\/wp-json\/wp\/v2\/types\/product"}],"replies":[{"embeddable":true,"href":"https:\/\/et-si.net\/Blog\/wp-json\/wp\/v2\/comments?post=21734"}],"wp:featuredmedia":[{"embeddable":true,"href":"https:\/\/et-si.net\/Blog\/wp-json\/wp\/v2\/media\/21735"}],"wp:attachment":[{"href":"https:\/\/et-si.net\/Blog\/wp-json\/wp\/v2\/media?parent=21734"}],"wp:term":[{"taxonomy":"product_brand","embeddable":true,"href":"https:\/\/et-si.net\/Blog\/wp-json\/wp\/v2\/product_brand?post=21734"},{"taxonomy":"product_cat","embeddable":true,"href":"https:\/\/et-si.net\/Blog\/wp-json\/wp\/v2\/product_cat?post=21734"},{"taxonomy":"product_tag","embeddable":true,"href":"https:\/\/et-si.net\/Blog\/wp-json\/wp\/v2\/product_tag?post=21734"}],"curies":[{"name":"wp","href":"https:\/\/api.w.org\/{rel}","templated":true}]}}