{"id":22167,"date":"2025-11-18T11:12:48","date_gmt":"2025-11-18T10:12:48","guid":{"rendered":"https:\/\/et-si.net\/Blog\/?post_type=product&#038;p=22167"},"modified":"2025-11-18T11:42:50","modified_gmt":"2025-11-18T10:42:50","slug":"bonhomme-de-neige","status":"publish","type":"product","link":"https:\/\/et-si.net\/Blog\/produit\/bonhomme-de-neige\/","title":{"rendered":"Le bonhomme de neige \/ The snowman \u2013 Illustration HD"},"content":{"rendered":"<p data-start=\"219\" data-end=\"455\"><strong>FRAN\u00c7AIS <\/strong><\/p>\n<p data-start=\"219\" data-end=\"455\">Une illustration traditionnelle \u00e0 l\u2019encre et \u00e0 la gouache repr\u00e9sentant un bonhomme de neige jovial.<br data-start=\"331\" data-end=\"334\" \/>T\u00e9l\u00e9chargement haute d\u00e9finition comprenant <strong data-start=\"377\" data-end=\"420\">les formats A4, A5 et A6 (PNG, 300 PPP)<\/strong> \u2014 en <strong data-start=\"426\" data-end=\"452\">fran\u00e7ais et en anglais<\/strong>.<br \/>\nT\u00e9l\u00e9chargement valable 30 jours apr\u00e8s achat \u2014 3 tentatives possibles par fichier.<\/p>\n<p data-start=\"457\" data-end=\"615\">Cette image est id\u00e9ale pour une impression personnelle, la d\u00e9coration ou la collection.<br data-start=\"544\" data-end=\"547\" \/>Chaque version respecte les textures et les nuances de l\u2019original.fayrie<\/p>\n<p data-start=\"617\" data-end=\"647\"><strong data-start=\"617\" data-end=\"645\">Contenu du fichier ZIP :<\/strong><\/p>\n<ul data-start=\"648\" data-end=\"767\">\n<li data-start=\"648\" data-end=\"676\">\n<p data-start=\"650\" data-end=\"676\">3 formats : A4 \/ A5 \/ A6<\/p>\n<\/li>\n<li data-start=\"677\" data-end=\"711\">\n<p data-start=\"679\" data-end=\"711\">2 langues : Fran\u00e7ais \/ Anglais<\/p>\n<\/li>\n<li data-start=\"712\" data-end=\"736\">\n<p data-start=\"714\" data-end=\"736\">Format : PNG 300 PPP<\/p>\n<\/li>\n<li data-start=\"737\" data-end=\"767\">\n<p data-start=\"739\" data-end=\"767\">Usage personnel uniquement<\/p>\n<\/li>\n<\/ul>\n<p><strong>ENGLISH <\/strong><\/p>\n<p data-start=\"830\" data-end=\"1047\">A traditional ink and gouache illustration depicting a joyfull snowman.<br data-start=\"929\" data-end=\"932\" \/>High-definition download including <strong data-start=\"967\" data-end=\"1007\">A4, A5 and A6 formats (PNG, 300 DPI)<\/strong> \u2014 in <strong data-start=\"1013\" data-end=\"1044\">English and French versions<\/strong>.<br \/>\nDownload available for 30 days after purchase \u2014 up to 3 attempts per file.<\/p>\n<p data-start=\"1049\" data-end=\"1195\">Perfect for personal printing, decoration, or art collection.<br data-start=\"1110\" data-end=\"1113\" \/>Each version faithfully reproduces the texture and tone of the original artwork.<\/p>\n<p data-start=\"1197\" data-end=\"1221\"><strong data-start=\"1197\" data-end=\"1219\">ZIP file includes:<\/strong><\/p>\n<ul data-start=\"1222\" data-end=\"1327\">\n<li data-start=\"1222\" data-end=\"1247\">\n<p data-start=\"1224\" data-end=\"1247\">3 sizes: A4 \/ A5 \/ A6<\/p>\n<\/li>\n<li data-start=\"1248\" data-end=\"1281\">\n<p data-start=\"1250\" data-end=\"1281\">2 languages: English \/ French<\/p>\n<\/li>\n<li data-start=\"1282\" data-end=\"1305\">\n<p data-start=\"1284\" data-end=\"1305\">Format: PNG 300 DPI<\/p>\n<\/li>\n<li data-start=\"1306\" data-end=\"1327\">\n<p data-start=\"1308\" data-end=\"1327\">Personal use only<\/p>\n<\/li>\n<\/ul>\n","protected":false},"excerpt":{"rendered":"<p>FR : Illustration traditionnelle d&rsquo;un bonhomme de neige jovial, peinte \u00e0 l\u2019encre et \u00e0 la gouache. T\u00e9l\u00e9chargement HD (A4, A5, A6) en fran\u00e7ais et en anglais \u2014 une touche de f\u00e9erie \u00e0 imprimer chez soi pour 1\u20ac !<\/p>\n<p>ENG : Traditional ink and gouache illustration of a joyfull snowman. HD download (A4, A5, A6) in French and English \u2014 bring a little folklore magic to your home prints for only 1\u20ac !<\/p>\n","protected":false},"featured_media":22171,"comment_status":"open","ping_status":"closed","template":"","meta":[],"product_brand":[],"product_cat":[1043],"product_tag":[392,1042,995,979,1032,1036,980,1030],"class_list":{"0":"post-22167","1":"product","2":"type-product","3":"status-publish","4":"has-post-thumbnail","6":"product_cat-images-a-un-euro","7":"product_tag-aquarelle","8":"product_tag-bonhomme-de-neige","9":"product_tag-encre","10":"product_tag-enfant","11":"product_tag-fantaisie","12":"product_tag-folklore","13":"product_tag-mignon","14":"product_tag-petit-peuple","16":"first","17":"instock","18":"downloadable","19":"purchasable","20":"product-type-simple"},"_links":{"self":[{"href":"https:\/\/et-si.net\/Blog\/wp-json\/wp\/v2\/product\/22167","targetHints":{"allow":["GET"]}}],"collection":[{"href":"https:\/\/et-si.net\/Blog\/wp-json\/wp\/v2\/product"}],"about":[{"href":"https:\/\/et-si.net\/Blog\/wp-json\/wp\/v2\/types\/product"}],"replies":[{"embeddable":true,"href":"https:\/\/et-si.net\/Blog\/wp-json\/wp\/v2\/comments?post=22167"}],"wp:featuredmedia":[{"embeddable":true,"href":"https:\/\/et-si.net\/Blog\/wp-json\/wp\/v2\/media\/22171"}],"wp:attachment":[{"href":"https:\/\/et-si.net\/Blog\/wp-json\/wp\/v2\/media?parent=22167"}],"wp:term":[{"taxonomy":"product_brand","embeddable":true,"href":"https:\/\/et-si.net\/Blog\/wp-json\/wp\/v2\/product_brand?post=22167"},{"taxonomy":"product_cat","embeddable":true,"href":"https:\/\/et-si.net\/Blog\/wp-json\/wp\/v2\/product_cat?post=22167"},{"taxonomy":"product_tag","embeddable":true,"href":"https:\/\/et-si.net\/Blog\/wp-json\/wp\/v2\/product_tag?post=22167"}],"curies":[{"name":"wp","href":"https:\/\/api.w.org\/{rel}","templated":true}]}}