{"id":22183,"date":"2025-11-28T12:03:45","date_gmt":"2025-11-28T11:03:45","guid":{"rendered":"https:\/\/et-si.net\/Blog\/?post_type=product&#038;p=22183"},"modified":"2025-11-29T17:46:05","modified_gmt":"2025-11-29T16:46:05","slug":"la-tante-arie-aunty-arie-original","status":"publish","type":"product","link":"https:\/\/et-si.net\/Blog\/produit\/la-tante-arie-aunty-arie-original\/","title":{"rendered":"La tante Ari\u00e9 \/ Aunty Ari\u00e9 \u2013 Original"},"content":{"rendered":"<p data-start=\"521\" data-end=\"724\"><strong data-start=\"521\" data-end=\"533\">FRAN\u00c7AIS<\/strong><br data-start=\"533\" data-end=\"536\" \/>Cette \u0153uvre originale est r\u00e9alis\u00e9e \u00e0 l\u2019encre et \u00e0 la gouache. Elle repr\u00e9sente <strong data-start=\"400\" data-end=\"417\">la Tante Ari\u00e9<\/strong>, une petite figure du folklore Franc-Comtois, debout dans la neige en train de savourer une boisson chaude.<br data-start=\"511\" data-end=\"514\" \/>Pi\u00e8ce <strong data-start=\"520\" data-end=\"530\">unique<\/strong>, peinte \u00e0 la main dans mon atelier.<\/p>\n<p data-start=\"726\" data-end=\"750\"><strong data-start=\"726\" data-end=\"748\">Caract\u00e9ristiques :<\/strong><\/p>\n<ul data-start=\"751\" data-end=\"1010\">\n<li data-start=\"751\" data-end=\"782\">\n<p data-start=\"753\" data-end=\"782\">Technique : Encre &amp; gouache<\/p>\n<\/li>\n<li data-start=\"783\" data-end=\"844\">\n<p data-start=\"785\" data-end=\"844\">Format : <strong data-start=\"794\" data-end=\"842\">15 x 10.5 cm<\/strong><\/p>\n<\/li>\n<li data-start=\"845\" data-end=\"918\">\n<p data-start=\"847\" data-end=\"918\">Support : Papier cellulose 300g<\/p>\n<\/li>\n<li data-start=\"919\" data-end=\"959\">\n<p data-start=\"921\" data-end=\"959\">Signature : Oui, au recto<\/p>\n<\/li>\n<li data-start=\"960\" data-end=\"1010\">\n<p data-start=\"962\" data-end=\"1010\">Pi\u00e8ce : Unique (\u0153uvre originale, non reproduite)<\/p>\n<\/li>\n<\/ul>\n<p data-start=\"1012\" data-end=\"1030\"><strong data-start=\"1012\" data-end=\"1028\">Exp\u00e9dition :<\/strong><\/p>\n<ul data-start=\"1031\" data-end=\"1205\">\n<li data-start=\"1031\" data-end=\"1063\">\n<p data-start=\"1033\" data-end=\"1063\">Envoi <strong data-start=\"1039\" data-end=\"1061\">R2 suivi et assur\u00e9<\/strong><\/p>\n<\/li>\n<li data-start=\"1064\" data-end=\"1115\">\n<p data-start=\"1066\" data-end=\"1115\">Protection renforc\u00e9e (carton rigide + pochette)<\/p>\n<\/li>\n<li data-start=\"1116\" data-end=\"1205\">\n<p data-start=\"1118\" data-end=\"1205\">Exp\u00e9dition sous 48 h<br data-start=\"1138\" data-end=\"1141\" \/>Chaque pi\u00e8ce est emball\u00e9e \u00e0 la main pour garantir sa protection.<\/p>\n<\/li>\n<\/ul>\n<p>&nbsp;<\/p>\n<p data-start=\"1317\" data-end=\"1489\"><strong data-start=\"1317\" data-end=\"1328\">ENGLISH<\/strong><br data-start=\"1328\" data-end=\"1331\" \/>This original artwork is painted in <strong data-start=\"1070\" data-end=\"1089\">ink and gouache<\/strong>. It depicts <strong data-start=\"1102\" data-end=\"1116\">Aunty Ari\u00e9<\/strong>, a small Franc-Comtois folkloric figure standing in the snow, enjoying a warm drink.<br data-start=\"1187\" data-end=\"1190\" \/>This is a <strong data-start=\"1200\" data-end=\"1229\">unique hand-painted piece<\/strong>, created in my studio.<\/p>\n<p data-start=\"1491\" data-end=\"1505\"><strong data-start=\"1491\" data-end=\"1503\">Details:<\/strong><\/p>\n<ul data-start=\"1506\" data-end=\"1705\">\n<li data-start=\"1506\" data-end=\"1531\">\n<p data-start=\"1508\" data-end=\"1531\">Medium: Ink &amp; gouache<\/p>\n<\/li>\n<li data-start=\"1532\" data-end=\"1578\">\n<p data-start=\"1534\" data-end=\"1578\">Size: <strong data-start=\"1540\" data-end=\"1576\">15 x 10.5 cm<\/strong><\/p>\n<\/li>\n<li data-start=\"1579\" data-end=\"1631\">\n<p data-start=\"1581\" data-end=\"1631\">Paper: cellulose 300g<\/p>\n<\/li>\n<li data-start=\"1632\" data-end=\"1650\">\n<p data-start=\"1634\" data-end=\"1650\">Signature: Yes<\/p>\n<\/li>\n<li data-start=\"1651\" data-end=\"1705\">\n<p data-start=\"1653\" data-end=\"1705\">Piece: One-of-a-kind (original artwork, not a print)<\/p>\n<\/li>\n<\/ul>\n<p data-start=\"1707\" data-end=\"1722\"><strong data-start=\"1707\" data-end=\"1720\">Shipping:<\/strong><\/p>\n<ul data-start=\"1723\" data-end=\"1900\">\n<li data-start=\"1723\" data-end=\"1755\">\n<p data-start=\"1725\" data-end=\"1755\"><strong data-start=\"1725\" data-end=\"1753\">Tracked and insured (R2)<\/strong><\/p>\n<\/li>\n<li data-start=\"1756\" data-end=\"1818\">\n<p data-start=\"1758\" data-end=\"1818\">Reinforced packaging (rigid cardboard + protective sleeve)<\/p>\n<\/li>\n<li data-start=\"1819\" data-end=\"1900\">\n<p data-start=\"1821\" data-end=\"1900\">Ships within 48 hours<br data-start=\"1842\" data-end=\"1845\" \/>Each piece is carefully packed to ensure safe delivery.<\/p>\n<\/li>\n<\/ul>\n","protected":false},"excerpt":{"rendered":"<p>[FR] : Illustration originale \u00e0 l\u2019encre et \u00e0 la gouache. Format 15\u00d710,5 cm, pi\u00e8ce unique et sign\u00e9e. Envoi R2 suivi \/ assur\u00e9. &#8211; [ENG] : Original ink &amp; gouache illustration. Size 15\u00d710.5 cm, unique signed piece. Tracked &amp; insured shipping.<\/p>\n","protected":false},"featured_media":22186,"comment_status":"open","ping_status":"closed","template":"","meta":[],"product_brand":[],"product_cat":[1047,1041],"product_tag":[392,995,979,1032,1049,980,1050,1048,1030],"class_list":{"0":"post-22183","1":"product","2":"type-product","3":"status-publish","4":"has-post-thumbnail","6":"product_cat-originaux-folklore-legendes","7":"product_cat-originaux","8":"product_tag-aquarelle","9":"product_tag-encre","10":"product_tag-enfant","11":"product_tag-fantaisie","12":"product_tag-fee","13":"product_tag-mignon","14":"product_tag-noel","15":"product_tag-original","16":"product_tag-petit-peuple","17":"product_shipping_class-original-assure","19":"first","20":"instock","21":"purchasable","22":"product-type-simple"},"_links":{"self":[{"href":"https:\/\/et-si.net\/Blog\/wp-json\/wp\/v2\/product\/22183","targetHints":{"allow":["GET"]}}],"collection":[{"href":"https:\/\/et-si.net\/Blog\/wp-json\/wp\/v2\/product"}],"about":[{"href":"https:\/\/et-si.net\/Blog\/wp-json\/wp\/v2\/types\/product"}],"replies":[{"embeddable":true,"href":"https:\/\/et-si.net\/Blog\/wp-json\/wp\/v2\/comments?post=22183"}],"wp:featuredmedia":[{"embeddable":true,"href":"https:\/\/et-si.net\/Blog\/wp-json\/wp\/v2\/media\/22186"}],"wp:attachment":[{"href":"https:\/\/et-si.net\/Blog\/wp-json\/wp\/v2\/media?parent=22183"}],"wp:term":[{"taxonomy":"product_brand","embeddable":true,"href":"https:\/\/et-si.net\/Blog\/wp-json\/wp\/v2\/product_brand?post=22183"},{"taxonomy":"product_cat","embeddable":true,"href":"https:\/\/et-si.net\/Blog\/wp-json\/wp\/v2\/product_cat?post=22183"},{"taxonomy":"product_tag","embeddable":true,"href":"https:\/\/et-si.net\/Blog\/wp-json\/wp\/v2\/product_tag?post=22183"}],"curies":[{"name":"wp","href":"https:\/\/api.w.org\/{rel}","templated":true}]}}